{"id":20564,"date":"2023-03-30T09:25:41","date_gmt":"2023-03-30T09:25:41","guid":{"rendered":"https:\/\/toolhub.es\/producto\/maquina-para-cambiar-liquido-atf\/"},"modified":"2024-12-26T09:26:59","modified_gmt":"2024-12-26T09:26:59","slug":"maquina-para-cambiar-liquido-atf","status":"publish","type":"product","link":"https:\/\/toolhub.es\/en\/producto\/maquina-para-cambiar-liquido-atf\/","title":{"rendered":"2V AUTOMATIC ATF FLUSH &#038; CHANGE MACHINE"},"content":{"rendered":"","protected":false},"excerpt":{"rendered":"<p>Dise\u00f1ada para realizar el cambio, lavado y extracci\u00f3n de aceite para las transmisiones autom\u00e1ticas, en una amplia gama de marcas.<\/p>\n<p><strong>Informaci\u00f3n T\u00e9cnica:<\/strong><br \/>\n\u2022 Fuente de alimentaci\u00f3n 12v.<br \/>\n\u2022 Potencia de la bomba 70w.<br \/>\n\u2022 Escala del man\u00f3metro de aceite 0-10 BAR O 0-150PSI.<br \/>\n\u2022 Capacidad del dep\u00f3sito de aceite usado 30L.<br \/>\n\u2022 Capacidad del dep\u00f3sito de aceite nuevo 30L.<br \/>\n\u2022 Longitud de las mangueras 2,56m.<br \/>\n\u2022 M\u00e1xima presi\u00f3n soportada por las mangueras 20BAR O 300PSI.<\/p>\n<p><a href=\"https:\/\/toolhub.es\/pdf\/W10899 - instructivo ES-EN.pdf\" target=\"_blank\" title=\"10899\" rel=\"noopener\"><img decoding=\"async\" loading=\"lazy\" src=\"https:\/\/toolhub.es\/wp-content\/uploads\/2023\/03\/pdf-1.png\" alt=\"\" width=\"48\" height=\"48\" class=\"alignnone size-full wp-image-22263\" \/><\/a><\/p>\n","protected":false},"featured_media":25074,"template":"","meta":[],"product_cat":[282,283,286],"product_tag":[],"acf":[],"aioseo_notices":[],"_links":{"self":[{"href":"https:\/\/toolhub.es\/en\/wp-json\/wp\/v2\/product\/20564"}],"collection":[{"href":"https:\/\/toolhub.es\/en\/wp-json\/wp\/v2\/product"}],"about":[{"href":"https:\/\/toolhub.es\/en\/wp-json\/wp\/v2\/types\/product"}],"wp:featuredmedia":[{"embeddable":true,"href":"https:\/\/toolhub.es\/en\/wp-json\/wp\/v2\/media\/25074"}],"wp:attachment":[{"href":"https:\/\/toolhub.es\/en\/wp-json\/wp\/v2\/media?parent=20564"}],"wp:term":[{"taxonomy":"product_cat","embeddable":true,"href":"https:\/\/toolhub.es\/en\/wp-json\/wp\/v2\/product_cat?post=20564"},{"taxonomy":"product_tag","embeddable":true,"href":"https:\/\/toolhub.es\/en\/wp-json\/wp\/v2\/product_tag?post=20564"}],"curies":[{"name":"wp","href":"https:\/\/api.w.org\/{rel}","templated":true}]}}