{"id":20590,"date":"2023-03-21T09:13:15","date_gmt":"2023-03-21T09:13:15","guid":{"rendered":"https:\/\/toolhub.es\/producto\/extractor-de-rotulas\/"},"modified":"2024-12-26T09:27:30","modified_gmt":"2024-12-26T09:27:30","slug":"extractor-de-rotulas","status":"publish","type":"product","link":"https:\/\/toolhub.es\/en\/producto\/extractor-de-rotulas\/","title":{"rendered":"FORK TYPE BALL JOINT REMOVER &#8211; 20MM"},"content":{"rendered":"","protected":false},"excerpt":{"rendered":"<p>Esta herramienta \u00fatiliza el m\u00e9todo de horquilla con una gran palanca para separar las r\u00f3tulas sin esfuerzo.<\/p>\n[supsystic-tables id=429]\n","protected":false},"featured_media":25104,"template":"","meta":[],"product_cat":[275],"product_tag":[],"acf":[],"aioseo_notices":[],"_links":{"self":[{"href":"https:\/\/toolhub.es\/en\/wp-json\/wp\/v2\/product\/20590"}],"collection":[{"href":"https:\/\/toolhub.es\/en\/wp-json\/wp\/v2\/product"}],"about":[{"href":"https:\/\/toolhub.es\/en\/wp-json\/wp\/v2\/types\/product"}],"wp:featuredmedia":[{"embeddable":true,"href":"https:\/\/toolhub.es\/en\/wp-json\/wp\/v2\/media\/25104"}],"wp:attachment":[{"href":"https:\/\/toolhub.es\/en\/wp-json\/wp\/v2\/media?parent=20590"}],"wp:term":[{"taxonomy":"product_cat","embeddable":true,"href":"https:\/\/toolhub.es\/en\/wp-json\/wp\/v2\/product_cat?post=20590"},{"taxonomy":"product_tag","embeddable":true,"href":"https:\/\/toolhub.es\/en\/wp-json\/wp\/v2\/product_tag?post=20590"}],"curies":[{"name":"wp","href":"https:\/\/api.w.org\/{rel}","templated":true}]}}