{"id":20592,"date":"2023-03-21T09:13:15","date_gmt":"2023-03-21T09:13:15","guid":{"rendered":"https:\/\/toolhub.es\/producto\/comprobador-angular-de-caida-imantado\/"},"modified":"2024-12-26T09:27:33","modified_gmt":"2024-12-26T09:27:33","slug":"comprobador-angular-de-caida-imantado","status":"publish","type":"product","link":"https:\/\/toolhub.es\/en\/producto\/comprobador-angular-de-caida-imantado\/","title":{"rendered":"MAGNETIC CAMBER GAUGE"},"content":{"rendered":"","protected":false},"excerpt":{"rendered":"<p>Cuando se reemplazan los amortiguadores, es necesario proceder a la regulaci\u00f3n de la ca\u00edda Este \u00fatil evita tener que realizar el alineado.<\/p>\n","protected":false},"featured_media":25106,"template":"","meta":[],"product_cat":[275],"product_tag":[],"acf":[],"aioseo_notices":[],"_links":{"self":[{"href":"https:\/\/toolhub.es\/en\/wp-json\/wp\/v2\/product\/20592"}],"collection":[{"href":"https:\/\/toolhub.es\/en\/wp-json\/wp\/v2\/product"}],"about":[{"href":"https:\/\/toolhub.es\/en\/wp-json\/wp\/v2\/types\/product"}],"wp:featuredmedia":[{"embeddable":true,"href":"https:\/\/toolhub.es\/en\/wp-json\/wp\/v2\/media\/25106"}],"wp:attachment":[{"href":"https:\/\/toolhub.es\/en\/wp-json\/wp\/v2\/media?parent=20592"}],"wp:term":[{"taxonomy":"product_cat","embeddable":true,"href":"https:\/\/toolhub.es\/en\/wp-json\/wp\/v2\/product_cat?post=20592"},{"taxonomy":"product_tag","embeddable":true,"href":"https:\/\/toolhub.es\/en\/wp-json\/wp\/v2\/product_tag?post=20592"}],"curies":[{"name":"wp","href":"https:\/\/api.w.org\/{rel}","templated":true}]}}