{"id":20617,"date":"2023-03-21T09:13:32","date_gmt":"2023-03-21T09:13:32","guid":{"rendered":"https:\/\/toolhub.es\/producto\/extractor-de-bujes-con-martillo-deslizante\/"},"modified":"2024-12-26T09:28:09","modified_gmt":"2024-12-26T09:28:09","slug":"extractor-de-bujes-con-martillo-deslizante","status":"publish","type":"product","link":"https:\/\/toolhub.es\/en\/producto\/extractor-de-bujes-con-martillo-deslizante\/","title":{"rendered":"SLIDE HAMMER WHEEL HUB PULLER SET"},"content":{"rendered":"","protected":false},"excerpt":{"rendered":"<p>Dise\u00f1ado para la extracci\u00f3n de bujes de cuatro o cinco pernos y tambores de freno de autom\u00f3viles y veh\u00edculos comerciales ligeros.<\/p>\n[supsystic-tables id=443]\n","protected":false},"featured_media":25133,"template":"","meta":[],"product_cat":[275],"product_tag":[],"acf":[],"aioseo_notices":[],"_links":{"self":[{"href":"https:\/\/toolhub.es\/en\/wp-json\/wp\/v2\/product\/20617"}],"collection":[{"href":"https:\/\/toolhub.es\/en\/wp-json\/wp\/v2\/product"}],"about":[{"href":"https:\/\/toolhub.es\/en\/wp-json\/wp\/v2\/types\/product"}],"wp:featuredmedia":[{"embeddable":true,"href":"https:\/\/toolhub.es\/en\/wp-json\/wp\/v2\/media\/25133"}],"wp:attachment":[{"href":"https:\/\/toolhub.es\/en\/wp-json\/wp\/v2\/media?parent=20617"}],"wp:term":[{"taxonomy":"product_cat","embeddable":true,"href":"https:\/\/toolhub.es\/en\/wp-json\/wp\/v2\/product_cat?post=20617"},{"taxonomy":"product_tag","embeddable":true,"href":"https:\/\/toolhub.es\/en\/wp-json\/wp\/v2\/product_tag?post=20617"}],"curies":[{"name":"wp","href":"https:\/\/api.w.org\/{rel}","templated":true}]}}