{"id":20618,"date":"2023-03-21T09:13:32","date_gmt":"2023-03-21T09:13:32","guid":{"rendered":"https:\/\/toolhub.es\/producto\/instalador-de-fuelles-neumatico\/"},"modified":"2024-12-26T09:28:10","modified_gmt":"2024-12-26T09:28:10","slug":"instalador-de-fuelles-neumatico","status":"publish","type":"product","link":"https:\/\/toolhub.es\/en\/producto\/instalador-de-fuelles-neumatico\/","title":{"rendered":"PNEUMATIC CVJ BOOT SLIDER"},"content":{"rendered":"","protected":false},"excerpt":{"rendered":"<p>Para turismos y peque\u00f1as furgonetas.<br \/>\nInnovadora herramienta para ahorrar tiempo, esfuerzo y dinero.<br \/>\nInstala los fuelles sin quitar los ejes de transmisi\u00f3n del veh\u00edculo o la junta homocin\u00e9tica del eje de accionamiento.<br \/>\n\u00datil para colocar fuelles de palier<br \/>\nEvita posibles da\u00f1os en la goma del fuelle.<br \/>\nPemite realizar el trabajo de instalaci\u00f3n en juntas homocin\u00e9ticas de 25 hasta 110 mm de di\u00e1metro.<br \/>\nNo es necesario que el aparato est\u00e9 conectado a una toma de aire ya que al abrir las garras, se puede desconectar y llevar a la zona de trabajo.<\/p>\n","protected":false},"featured_media":25134,"template":"","meta":[],"product_cat":[275],"product_tag":[],"acf":[],"aioseo_notices":[],"_links":{"self":[{"href":"https:\/\/toolhub.es\/en\/wp-json\/wp\/v2\/product\/20618"}],"collection":[{"href":"https:\/\/toolhub.es\/en\/wp-json\/wp\/v2\/product"}],"about":[{"href":"https:\/\/toolhub.es\/en\/wp-json\/wp\/v2\/types\/product"}],"wp:featuredmedia":[{"embeddable":true,"href":"https:\/\/toolhub.es\/en\/wp-json\/wp\/v2\/media\/25134"}],"wp:attachment":[{"href":"https:\/\/toolhub.es\/en\/wp-json\/wp\/v2\/media?parent=20618"}],"wp:term":[{"taxonomy":"product_cat","embeddable":true,"href":"https:\/\/toolhub.es\/en\/wp-json\/wp\/v2\/product_cat?post=20618"},{"taxonomy":"product_tag","embeddable":true,"href":"https:\/\/toolhub.es\/en\/wp-json\/wp\/v2\/product_tag?post=20618"}],"curies":[{"name":"wp","href":"https:\/\/api.w.org\/{rel}","templated":true}]}}