{"id":20623,"date":"2023-03-21T09:13:32","date_gmt":"2023-03-21T09:13:32","guid":{"rendered":"https:\/\/toolhub.es\/producto\/reglaje-motores-diesel-bmw-n47-n57\/"},"modified":"2024-12-26T09:28:19","modified_gmt":"2024-12-26T09:28:19","slug":"reglaje-motores-diesel-bmw-n47-n57","status":"publish","type":"product","link":"https:\/\/toolhub.es\/en\/producto\/reglaje-motores-diesel-bmw-n47-n57\/","title":{"rendered":"DIESEL ENGINE TIMING SET BMW N47 \/ N57"},"content":{"rendered":"","protected":false},"excerpt":{"rendered":"<p>Este conjunto contiene las herramientas esenciales para mantener el motor en la posici\u00f3n correcta para reemplazar la cadena de distribuci\u00f3n. Adicionalmente incluyen los \u00fatiles para alinear y bloquear el cig\u00fce\u00f1al y el eje de equilibrio.<\/p>\n[supsystic-tables id=448]\n[supsystic-tables id=449]\n[supsystic-tables id=450]\n<p>Para motores despu\u00e9s de 06\/2013: es necesario otro posicionador de cig\u00fce\u00f1al, <a href=\"https:\/\/toolhub.es\/producto\/bloqueador-de-ciguenal-bmw-n47-1-6-2-0-d\/\" title=\"10350\">referencia Toolhub 10315<\/a>.<\/p>\n","protected":false},"featured_media":25141,"template":"","meta":[],"product_cat":[278],"product_tag":[],"acf":[],"aioseo_notices":[],"_links":{"self":[{"href":"https:\/\/toolhub.es\/en\/wp-json\/wp\/v2\/product\/20623"}],"collection":[{"href":"https:\/\/toolhub.es\/en\/wp-json\/wp\/v2\/product"}],"about":[{"href":"https:\/\/toolhub.es\/en\/wp-json\/wp\/v2\/types\/product"}],"wp:featuredmedia":[{"embeddable":true,"href":"https:\/\/toolhub.es\/en\/wp-json\/wp\/v2\/media\/25141"}],"wp:attachment":[{"href":"https:\/\/toolhub.es\/en\/wp-json\/wp\/v2\/media?parent=20623"}],"wp:term":[{"taxonomy":"product_cat","embeddable":true,"href":"https:\/\/toolhub.es\/en\/wp-json\/wp\/v2\/product_cat?post=20623"},{"taxonomy":"product_tag","embeddable":true,"href":"https:\/\/toolhub.es\/en\/wp-json\/wp\/v2\/product_tag?post=20623"}],"curies":[{"name":"wp","href":"https:\/\/api.w.org\/{rel}","templated":true}]}}