{"id":20637,"date":"2023-03-21T09:14:02","date_gmt":"2023-03-21T09:14:02","guid":{"rendered":"https:\/\/toolhub.es\/producto\/alicate-para-doblar-tubos-de-cobre\/"},"modified":"2024-12-26T09:28:38","modified_gmt":"2024-12-26T09:28:38","slug":"alicate-para-doblar-tubos-de-cobre","status":"publish","type":"product","link":"https:\/\/toolhub.es\/en\/producto\/alicate-para-doblar-tubos-de-cobre\/","title":{"rendered":"COPPER TUBE BENDING PLIERS"},"content":{"rendered":"","protected":false},"excerpt":{"rendered":"<p>Dise\u00f1ado para doblar dos tama\u00f1os de tuber\u00eda 4mm &#038; 6mm (3\/16 -1\/4).<br \/>\nIdeal para realizar las curvas cerradas en las l\u00edneas de freno y de combustible.<br \/>\nAdecuado para su uso sobre aluminio, acero o tuber\u00eda de cobre.<br \/>\nPermite curvas a 45\u00ba o 90\u00ba.<\/p>\n","protected":false},"featured_media":25157,"template":"","meta":[],"product_cat":[274],"product_tag":[],"acf":[],"aioseo_notices":[],"_links":{"self":[{"href":"https:\/\/toolhub.es\/en\/wp-json\/wp\/v2\/product\/20637"}],"collection":[{"href":"https:\/\/toolhub.es\/en\/wp-json\/wp\/v2\/product"}],"about":[{"href":"https:\/\/toolhub.es\/en\/wp-json\/wp\/v2\/types\/product"}],"wp:featuredmedia":[{"embeddable":true,"href":"https:\/\/toolhub.es\/en\/wp-json\/wp\/v2\/media\/25157"}],"wp:attachment":[{"href":"https:\/\/toolhub.es\/en\/wp-json\/wp\/v2\/media?parent=20637"}],"wp:term":[{"taxonomy":"product_cat","embeddable":true,"href":"https:\/\/toolhub.es\/en\/wp-json\/wp\/v2\/product_cat?post=20637"},{"taxonomy":"product_tag","embeddable":true,"href":"https:\/\/toolhub.es\/en\/wp-json\/wp\/v2\/product_tag?post=20637"}],"curies":[{"name":"wp","href":"https:\/\/api.w.org\/{rel}","templated":true}]}}