{"id":20644,"date":"2023-03-21T09:14:02","date_gmt":"2023-03-21T09:14:02","guid":{"rendered":"https:\/\/toolhub.es\/producto\/llave-para-caja-de-cambios-dsg-7-velocidades-vag\/"},"modified":"2024-12-26T09:28:50","modified_gmt":"2024-12-26T09:28:50","slug":"llave-para-caja-de-cambios-dsg-7-velocidades-vag","status":"publish","type":"product","link":"https:\/\/toolhub.es\/en\/producto\/llave-para-caja-de-cambios-dsg-7-velocidades-vag\/","title":{"rendered":"ASSEMBLY LEVER DSG 7 SPEED GEARBOX &#8211; VAG"},"content":{"rendered":"","protected":false},"excerpt":{"rendered":"<p>Para extraer la unidad mecatr\u00f3nica en las cajas de cambio DSG de doble embrague VAG de 7 velocidades es necesario mantener separada la unidad de embrague de la caja de cambios durante<br \/>\ntodo el proceso, esta palanca est\u00e1 dise\u00f1ada en concreto para realizar este trabajo espec\u00edfico de forma c\u00f3moda, sencilla y segura.<\/p>\n[supsystic-tables id=461]\n","protected":false},"featured_media":25167,"template":"","meta":[],"product_cat":[259],"product_tag":[],"acf":[],"aioseo_notices":[],"_links":{"self":[{"href":"https:\/\/toolhub.es\/en\/wp-json\/wp\/v2\/product\/20644"}],"collection":[{"href":"https:\/\/toolhub.es\/en\/wp-json\/wp\/v2\/product"}],"about":[{"href":"https:\/\/toolhub.es\/en\/wp-json\/wp\/v2\/types\/product"}],"wp:featuredmedia":[{"embeddable":true,"href":"https:\/\/toolhub.es\/en\/wp-json\/wp\/v2\/media\/25167"}],"wp:attachment":[{"href":"https:\/\/toolhub.es\/en\/wp-json\/wp\/v2\/media?parent=20644"}],"wp:term":[{"taxonomy":"product_cat","embeddable":true,"href":"https:\/\/toolhub.es\/en\/wp-json\/wp\/v2\/product_cat?post=20644"},{"taxonomy":"product_tag","embeddable":true,"href":"https:\/\/toolhub.es\/en\/wp-json\/wp\/v2\/product_tag?post=20644"}],"curies":[{"name":"wp","href":"https:\/\/api.w.org\/{rel}","templated":true}]}}