{"id":20725,"date":"2023-03-21T09:15:16","date_gmt":"2023-03-21T09:15:16","guid":{"rendered":"https:\/\/toolhub.es\/producto\/tc-3523-compresor-de-muelles-de-valvulas\/"},"modified":"2024-12-26T09:30:40","modified_gmt":"2024-12-26T09:30:40","slug":"tc-3523-compresor-de-muelles-de-valvulas","status":"publish","type":"product","link":"https:\/\/toolhub.es\/en\/producto\/tc-3523-compresor-de-muelles-de-valvulas\/","title":{"rendered":"VALVE SPRING COMPRESSOR"},"content":{"rendered":"","protected":false},"excerpt":{"rendered":"<p>&#8216;- Dos cabezales para v\u00e1lvulas de \u00d8 25mm y \u00d8 30mm. 68,00<br \/>\n&#8211; La abertura se puede regular desde 20mm a 140mm.<br \/>\n&#8211; Garganta de 150mm.<br \/>\n&#8211; Para motores Di\u00e9sel o Gasolina.<\/p>\n<p>Doble Cabezal.<br \/>\nMotores Multiv\u00e1lvulas &#038; Zetec<\/p>\n","protected":false},"featured_media":25253,"template":"","meta":[],"product_cat":[259],"product_tag":[],"acf":[],"aioseo_notices":[],"_links":{"self":[{"href":"https:\/\/toolhub.es\/en\/wp-json\/wp\/v2\/product\/20725"}],"collection":[{"href":"https:\/\/toolhub.es\/en\/wp-json\/wp\/v2\/product"}],"about":[{"href":"https:\/\/toolhub.es\/en\/wp-json\/wp\/v2\/types\/product"}],"wp:featuredmedia":[{"embeddable":true,"href":"https:\/\/toolhub.es\/en\/wp-json\/wp\/v2\/media\/25253"}],"wp:attachment":[{"href":"https:\/\/toolhub.es\/en\/wp-json\/wp\/v2\/media?parent=20725"}],"wp:term":[{"taxonomy":"product_cat","embeddable":true,"href":"https:\/\/toolhub.es\/en\/wp-json\/wp\/v2\/product_cat?post=20725"},{"taxonomy":"product_tag","embeddable":true,"href":"https:\/\/toolhub.es\/en\/wp-json\/wp\/v2\/product_tag?post=20725"}],"curies":[{"name":"wp","href":"https:\/\/api.w.org\/{rel}","templated":true}]}}