{"id":20729,"date":"2023-03-21T09:15:43","date_gmt":"2023-03-21T09:15:43","guid":{"rendered":"https:\/\/toolhub.es\/producto\/protector-de-aletas-anti-deslizante\/"},"modified":"2024-12-26T09:30:47","modified_gmt":"2024-12-26T09:30:47","slug":"protector-de-aletas-anti-deslizante","status":"publish","type":"product","link":"https:\/\/toolhub.es\/en\/producto\/protector-de-aletas-anti-deslizante\/","title":{"rendered":"ANTI-SLIP WING COVER"},"content":{"rendered":"","protected":false},"excerpt":{"rendered":"<p>&#8216;- Superficie anti deslizante que es f\u00e1cil de limpiar con agua y jab\u00f3n<br \/>\n&#8211; Resistente al aceite, grasa, agua y otros l\u00edquidos<br \/>\n&#8211; Sin Im\u00e1nes que pueden da\u00f1ar la carrocer\u00eda.<br \/>\n&#8211; <strong>Tama\u00f1o <\/strong>900mm x 610mm x 5m<\/p>\n","protected":false},"featured_media":25257,"template":"","meta":[],"product_cat":[282],"product_tag":[],"acf":[],"aioseo_notices":[],"_links":{"self":[{"href":"https:\/\/toolhub.es\/en\/wp-json\/wp\/v2\/product\/20729"}],"collection":[{"href":"https:\/\/toolhub.es\/en\/wp-json\/wp\/v2\/product"}],"about":[{"href":"https:\/\/toolhub.es\/en\/wp-json\/wp\/v2\/types\/product"}],"wp:featuredmedia":[{"embeddable":true,"href":"https:\/\/toolhub.es\/en\/wp-json\/wp\/v2\/media\/25257"}],"wp:attachment":[{"href":"https:\/\/toolhub.es\/en\/wp-json\/wp\/v2\/media?parent=20729"}],"wp:term":[{"taxonomy":"product_cat","embeddable":true,"href":"https:\/\/toolhub.es\/en\/wp-json\/wp\/v2\/product_cat?post=20729"},{"taxonomy":"product_tag","embeddable":true,"href":"https:\/\/toolhub.es\/en\/wp-json\/wp\/v2\/product_tag?post=20729"}],"curies":[{"name":"wp","href":"https:\/\/api.w.org\/{rel}","templated":true}]}}