{"id":20784,"date":"2023-03-21T09:16:24","date_gmt":"2023-03-21T09:16:24","guid":{"rendered":"https:\/\/toolhub.es\/producto\/juego-para-sincronizar-carburadores\/"},"modified":"2024-12-26T09:32:47","modified_gmt":"2024-12-26T09:32:47","slug":"juego-para-sincronizar-carburadores","status":"publish","type":"product","link":"https:\/\/toolhub.es\/en\/producto\/juego-para-sincronizar-carburadores\/","title":{"rendered":"FUEL SYNCHRONISATION SET"},"content":{"rendered":"","protected":false},"excerpt":{"rendered":"[supsystic-tables id=247]\n<p><strong>Man\u00f3metros graduados con Indicaci\u00f3n de estados por c\u00f3digos de colores<\/strong><em><\/em><\/p>\n[supsystic-tables id=248]\n","protected":false},"featured_media":25311,"template":"","meta":[],"product_cat":[259],"product_tag":[],"acf":[],"aioseo_notices":[],"_links":{"self":[{"href":"https:\/\/toolhub.es\/en\/wp-json\/wp\/v2\/product\/20784"}],"collection":[{"href":"https:\/\/toolhub.es\/en\/wp-json\/wp\/v2\/product"}],"about":[{"href":"https:\/\/toolhub.es\/en\/wp-json\/wp\/v2\/types\/product"}],"wp:featuredmedia":[{"embeddable":true,"href":"https:\/\/toolhub.es\/en\/wp-json\/wp\/v2\/media\/25311"}],"wp:attachment":[{"href":"https:\/\/toolhub.es\/en\/wp-json\/wp\/v2\/media?parent=20784"}],"wp:term":[{"taxonomy":"product_cat","embeddable":true,"href":"https:\/\/toolhub.es\/en\/wp-json\/wp\/v2\/product_cat?post=20784"},{"taxonomy":"product_tag","embeddable":true,"href":"https:\/\/toolhub.es\/en\/wp-json\/wp\/v2\/product_tag?post=20784"}],"curies":[{"name":"wp","href":"https:\/\/api.w.org\/{rel}","templated":true}]}}