{"id":20890,"date":"2023-03-21T09:18:26","date_gmt":"2023-03-21T09:18:26","guid":{"rendered":"https:\/\/toolhub.es\/producto\/bloqueador-universal-de-poleas-de-arboles-de-levas-dobles\/"},"modified":"2024-12-26T09:36:01","modified_gmt":"2024-12-26T09:36:01","slug":"bloqueador-universal-de-poleas-de-arboles-de-levas-dobles","status":"publish","type":"product","link":"https:\/\/toolhub.es\/en\/producto\/bloqueador-universal-de-poleas-de-arboles-de-levas-dobles\/","title":{"rendered":"UNIVERSAL TWIN CAM LOCKING TOOL"},"content":{"rendered":"","protected":false},"excerpt":{"rendered":"<p><strong>Aplicaciones:<\/strong><\/p>\n<ul>\n<li>Permite bloquear los dientes del pi\u00f1\u00f3n para conservar la sincronizaci\u00f3n del \u00c1rbol de levas.<\/li>\n<li>Incluye Accesorio para ampliar la distancia.<\/li>\n<\/ul>\n","protected":false},"featured_media":25419,"template":"","meta":[],"product_cat":[278],"product_tag":[],"acf":[],"aioseo_notices":[],"_links":{"self":[{"href":"https:\/\/toolhub.es\/en\/wp-json\/wp\/v2\/product\/20890"}],"collection":[{"href":"https:\/\/toolhub.es\/en\/wp-json\/wp\/v2\/product"}],"about":[{"href":"https:\/\/toolhub.es\/en\/wp-json\/wp\/v2\/types\/product"}],"wp:featuredmedia":[{"embeddable":true,"href":"https:\/\/toolhub.es\/en\/wp-json\/wp\/v2\/media\/25419"}],"wp:attachment":[{"href":"https:\/\/toolhub.es\/en\/wp-json\/wp\/v2\/media?parent=20890"}],"wp:term":[{"taxonomy":"product_cat","embeddable":true,"href":"https:\/\/toolhub.es\/en\/wp-json\/wp\/v2\/product_cat?post=20890"},{"taxonomy":"product_tag","embeddable":true,"href":"https:\/\/toolhub.es\/en\/wp-json\/wp\/v2\/product_tag?post=20890"}],"curies":[{"name":"wp","href":"https:\/\/api.w.org\/{rel}","templated":true}]}}