{"id":20901,"date":"2023-03-21T09:18:26","date_gmt":"2023-03-21T09:18:26","guid":{"rendered":"https:\/\/toolhub.es\/producto\/calado-y-distribucion-mercedes-benzm651\/"},"modified":"2024-12-26T09:36:16","modified_gmt":"2024-12-26T09:36:16","slug":"calado-y-distribucion-mercedes-benzm651","status":"publish","type":"product","link":"https:\/\/toolhub.es\/en\/producto\/calado-y-distribucion-mercedes-benzm651\/","title":{"rendered":"PETROL ENGINE TIMING TOOL SET &#8211; MERCEDES (M651)"},"content":{"rendered":"","protected":false},"excerpt":{"rendered":"<p><strong>Aplicaciones:<\/strong><br \/>\nEste kit contiene las herramientas necesarias para alinear y bloquear los \u00e1rboles levas y cig\u00fce\u00f1al de los motores di\u00e9sel Mercedes tipo OM651<\/p>\n<p><strong>Aplicaciones:<\/strong><br \/>\nMercedes A, B, C, CLA, CLS, E, GLA, GLC, GLE, GLK, M, S, SLC, SLK, V, Sprinter, Vito<\/p>\n","protected":false},"featured_media":25430,"template":"","meta":[],"product_cat":[278],"product_tag":[],"acf":[],"aioseo_notices":[],"_links":{"self":[{"href":"https:\/\/toolhub.es\/en\/wp-json\/wp\/v2\/product\/20901"}],"collection":[{"href":"https:\/\/toolhub.es\/en\/wp-json\/wp\/v2\/product"}],"about":[{"href":"https:\/\/toolhub.es\/en\/wp-json\/wp\/v2\/types\/product"}],"wp:featuredmedia":[{"embeddable":true,"href":"https:\/\/toolhub.es\/en\/wp-json\/wp\/v2\/media\/25430"}],"wp:attachment":[{"href":"https:\/\/toolhub.es\/en\/wp-json\/wp\/v2\/media?parent=20901"}],"wp:term":[{"taxonomy":"product_cat","embeddable":true,"href":"https:\/\/toolhub.es\/en\/wp-json\/wp\/v2\/product_cat?post=20901"},{"taxonomy":"product_tag","embeddable":true,"href":"https:\/\/toolhub.es\/en\/wp-json\/wp\/v2\/product_tag?post=20901"}],"curies":[{"name":"wp","href":"https:\/\/api.w.org\/{rel}","templated":true}]}}