{"id":20997,"date":"2023-03-21T09:20:09","date_gmt":"2023-03-21T09:20:09","guid":{"rendered":"https:\/\/toolhub.es\/producto\/bomba-manual-para-suministrar-aceite-atf-95l-con-8-adaptadores\/"},"modified":"2024-12-26T09:38:25","modified_gmt":"2024-12-26T09:38:25","slug":"bomba-manual-para-suministrar-aceite-atf-95l-con-8-adaptadores","status":"publish","type":"product","link":"https:\/\/toolhub.es\/en\/producto\/bomba-manual-para-suministrar-aceite-atf-95l-con-8-adaptadores\/","title":{"rendered":"MANUAL ATF FLUID FILLING PUMP WITH 8 ADAPTORS"},"content":{"rendered":"","protected":false},"excerpt":{"rendered":"<p><strong>Descripci\u00f3n:<\/strong><\/p>\n<ul>\n<li>Dise\u00f1ado para rellenar los fluidos de transmisi\u00f3n de dif\u00edcil acceso.<\/li>\n<li>El tubo principal es de 7,5mm. de di\u00e1metro y 1,5 metros de largo.<\/li>\n<li>Cuenta con una v\u00e1lvula en el extremo y un conector r\u00e1pido que acepta uno de los ocho adaptadores suministrados.<\/li>\n<\/ul>\n","protected":false},"featured_media":25525,"template":"","meta":[],"product_cat":[283],"product_tag":[],"acf":[],"aioseo_notices":[],"_links":{"self":[{"href":"https:\/\/toolhub.es\/en\/wp-json\/wp\/v2\/product\/20997"}],"collection":[{"href":"https:\/\/toolhub.es\/en\/wp-json\/wp\/v2\/product"}],"about":[{"href":"https:\/\/toolhub.es\/en\/wp-json\/wp\/v2\/types\/product"}],"wp:featuredmedia":[{"embeddable":true,"href":"https:\/\/toolhub.es\/en\/wp-json\/wp\/v2\/media\/25525"}],"wp:attachment":[{"href":"https:\/\/toolhub.es\/en\/wp-json\/wp\/v2\/media?parent=20997"}],"wp:term":[{"taxonomy":"product_cat","embeddable":true,"href":"https:\/\/toolhub.es\/en\/wp-json\/wp\/v2\/product_cat?post=20997"},{"taxonomy":"product_tag","embeddable":true,"href":"https:\/\/toolhub.es\/en\/wp-json\/wp\/v2\/product_tag?post=20997"}],"curies":[{"name":"wp","href":"https:\/\/api.w.org\/{rel}","templated":true}]}}