{"id":21000,"date":"2023-03-21T09:20:09","date_gmt":"2023-03-21T09:20:09","guid":{"rendered":"https:\/\/toolhub.es\/producto\/vaso-para-llantas-de-aluminio-17mm\/"},"modified":"2024-12-26T09:38:28","modified_gmt":"2024-12-26T09:38:28","slug":"vaso-para-llantas-de-aluminio-17mm","status":"publish","type":"product","link":"https:\/\/toolhub.es\/en\/producto\/vaso-para-llantas-de-aluminio-17mm\/","title":{"rendered":"WHEEL NUT SOCKET FOR ALUMINIUM WHEELS &#8211; 1\/2&#8243; DR. 17MM"},"content":{"rendered":"","protected":false},"excerpt":{"rendered":"<p><strong>Descripci\u00f3n:<\/strong><\/p>\n<ul>\n<li>17mm 1\/2 &#8221; unidad de acero molibdeno cromado con un manguito exterior recubierto de fosfato de meta.<\/li>\n<li>Pl\u00e1stico para evitar da\u00f1os en las llantas de aleaci\u00f3n.<\/li>\n<\/ul>\n","protected":false},"featured_media":25528,"template":"","meta":[],"product_cat":[276],"product_tag":[],"acf":[],"aioseo_notices":[],"_links":{"self":[{"href":"https:\/\/toolhub.es\/en\/wp-json\/wp\/v2\/product\/21000"}],"collection":[{"href":"https:\/\/toolhub.es\/en\/wp-json\/wp\/v2\/product"}],"about":[{"href":"https:\/\/toolhub.es\/en\/wp-json\/wp\/v2\/types\/product"}],"wp:featuredmedia":[{"embeddable":true,"href":"https:\/\/toolhub.es\/en\/wp-json\/wp\/v2\/media\/25528"}],"wp:attachment":[{"href":"https:\/\/toolhub.es\/en\/wp-json\/wp\/v2\/media?parent=21000"}],"wp:term":[{"taxonomy":"product_cat","embeddable":true,"href":"https:\/\/toolhub.es\/en\/wp-json\/wp\/v2\/product_cat?post=21000"},{"taxonomy":"product_tag","embeddable":true,"href":"https:\/\/toolhub.es\/en\/wp-json\/wp\/v2\/product_tag?post=21000"}],"curies":[{"name":"wp","href":"https:\/\/api.w.org\/{rel}","templated":true}]}}