{"id":21034,"date":"2023-03-21T09:20:48","date_gmt":"2023-03-21T09:20:48","guid":{"rendered":"https:\/\/toolhub.es\/producto\/adaptador-de-aceite-de-transmision-automatico-para-vw-passat-y-tiguan\/"},"modified":"2024-12-26T09:39:09","modified_gmt":"2024-12-26T09:39:09","slug":"adaptador-de-aceite-de-transmision-automatico-para-vw-passat-y-tiguan","status":"publish","type":"product","link":"https:\/\/toolhub.es\/en\/producto\/adaptador-de-aceite-de-transmision-automatico-para-vw-passat-y-tiguan\/","title":{"rendered":"ATF ADAPTOR &#8211; VW PASSAT &#038; TIGUAN"},"content":{"rendered":"","protected":false},"excerpt":{"rendered":"<p><strong>Descripci\u00f3n:<\/strong><\/p>\n<ul>\n<li>Compatible con bomba 9122.<\/li>\n<li>Adaptador de l\u00edquido de la transmisi\u00f3n autom\u00e1tica para Volkswagen, Passat y Tiguan 2007 (4&#215;4) en adelante.<\/li>\n<li>Utilizar con ToolHub 9122 sistema de llenado de la transmisi\u00f3n. C\u00f3digo de VW OEM VAS-6291\/2.<\/li>\n<li>Tambi\u00e9n herramienta de servicio Haldex Diferencial.<\/li>\n<\/ul>\n","protected":false},"featured_media":25562,"template":"","meta":[],"product_cat":[259],"product_tag":[],"acf":[],"aioseo_notices":[],"_links":{"self":[{"href":"https:\/\/toolhub.es\/en\/wp-json\/wp\/v2\/product\/21034"}],"collection":[{"href":"https:\/\/toolhub.es\/en\/wp-json\/wp\/v2\/product"}],"about":[{"href":"https:\/\/toolhub.es\/en\/wp-json\/wp\/v2\/types\/product"}],"wp:featuredmedia":[{"embeddable":true,"href":"https:\/\/toolhub.es\/en\/wp-json\/wp\/v2\/media\/25562"}],"wp:attachment":[{"href":"https:\/\/toolhub.es\/en\/wp-json\/wp\/v2\/media?parent=21034"}],"wp:term":[{"taxonomy":"product_cat","embeddable":true,"href":"https:\/\/toolhub.es\/en\/wp-json\/wp\/v2\/product_cat?post=21034"},{"taxonomy":"product_tag","embeddable":true,"href":"https:\/\/toolhub.es\/en\/wp-json\/wp\/v2\/product_tag?post=21034"}],"curies":[{"name":"wp","href":"https:\/\/api.w.org\/{rel}","templated":true}]}}