{"id":21042,"date":"2023-03-21T09:20:48","date_gmt":"2023-03-21T09:20:48","guid":{"rendered":"https:\/\/toolhub.es\/producto\/kit-de-herramientas-para-instalar-cables-5-pzas\/"},"modified":"2024-12-26T09:39:19","modified_gmt":"2024-12-26T09:39:19","slug":"kit-de-herramientas-para-instalar-cables-5-pzas","status":"publish","type":"product","link":"https:\/\/toolhub.es\/en\/producto\/kit-de-herramientas-para-instalar-cables-5-pzas\/","title":{"rendered":"CABLE INSTALLATION TOOL SET &#8211; 5PCS"},"content":{"rendered":"","protected":false},"excerpt":{"rendered":"<p><strong>Descripci\u00f3n:<\/strong><\/p>\n<ul>\n<li>Juego de \u00fatiles de 5 piezas de pl\u00e1stico duradero.<\/li>\n<li>Permiten empujar, tirar y meter el cableado el\u00e9ctrico del veh\u00edculo, dise\u00f1o de punta variable de perfil bajo para el acceso a espacios estrechos o de dif\u00edcil acceso.<\/li>\n<\/ul>\n","protected":false},"featured_media":25571,"template":"","meta":[],"product_cat":[280],"product_tag":[],"acf":[],"aioseo_notices":[],"_links":{"self":[{"href":"https:\/\/toolhub.es\/en\/wp-json\/wp\/v2\/product\/21042"}],"collection":[{"href":"https:\/\/toolhub.es\/en\/wp-json\/wp\/v2\/product"}],"about":[{"href":"https:\/\/toolhub.es\/en\/wp-json\/wp\/v2\/types\/product"}],"wp:featuredmedia":[{"embeddable":true,"href":"https:\/\/toolhub.es\/en\/wp-json\/wp\/v2\/media\/25571"}],"wp:attachment":[{"href":"https:\/\/toolhub.es\/en\/wp-json\/wp\/v2\/media?parent=21042"}],"wp:term":[{"taxonomy":"product_cat","embeddable":true,"href":"https:\/\/toolhub.es\/en\/wp-json\/wp\/v2\/product_cat?post=21042"},{"taxonomy":"product_tag","embeddable":true,"href":"https:\/\/toolhub.es\/en\/wp-json\/wp\/v2\/product_tag?post=21042"}],"curies":[{"name":"wp","href":"https:\/\/api.w.org\/{rel}","templated":true}]}}