{"id":21055,"date":"2023-03-21T09:21:06","date_gmt":"2023-03-21T09:21:06","guid":{"rendered":"https:\/\/toolhub.es\/producto\/aerosol-aluminio-recargable-650ml\/"},"modified":"2024-12-26T09:39:32","modified_gmt":"2024-12-26T09:39:32","slug":"aerosol-aluminio-recargable-650ml","status":"publish","type":"product","link":"https:\/\/toolhub.es\/en\/producto\/aerosol-aluminio-recargable-650ml\/","title":{"rendered":"ALUMINIUM REFILLABLE PRESSURE SPRAYER 650ML"},"content":{"rendered":"","protected":false},"excerpt":{"rendered":"<p><strong>Descripci\u00f3n:<\/strong><\/p>\n<ul>\n<li>Se recarga a trav\u00e9s de una v\u00e1lvula Schrader con un inflador de neum\u00e1ticos.<\/li>\n<li>Apto para la mayor\u00eda de l\u00edquidos no corrosivos.<\/li>\n<li>Boquilla normal y lanza larga.<\/li>\n<\/ul>\n","protected":false},"featured_media":25583,"template":"","meta":[],"product_cat":[283],"product_tag":[],"acf":[],"aioseo_notices":[],"_links":{"self":[{"href":"https:\/\/toolhub.es\/en\/wp-json\/wp\/v2\/product\/21055"}],"collection":[{"href":"https:\/\/toolhub.es\/en\/wp-json\/wp\/v2\/product"}],"about":[{"href":"https:\/\/toolhub.es\/en\/wp-json\/wp\/v2\/types\/product"}],"wp:featuredmedia":[{"embeddable":true,"href":"https:\/\/toolhub.es\/en\/wp-json\/wp\/v2\/media\/25583"}],"wp:attachment":[{"href":"https:\/\/toolhub.es\/en\/wp-json\/wp\/v2\/media?parent=21055"}],"wp:term":[{"taxonomy":"product_cat","embeddable":true,"href":"https:\/\/toolhub.es\/en\/wp-json\/wp\/v2\/product_cat?post=21055"},{"taxonomy":"product_tag","embeddable":true,"href":"https:\/\/toolhub.es\/en\/wp-json\/wp\/v2\/product_tag?post=21055"}],"curies":[{"name":"wp","href":"https:\/\/api.w.org\/{rel}","templated":true}]}}