{"id":21090,"date":"2023-03-21T09:21:41","date_gmt":"2023-03-21T09:21:41","guid":{"rendered":"https:\/\/toolhub.es\/producto\/alicates-de-muelles-de-frenos\/"},"modified":"2024-12-26T09:40:28","modified_gmt":"2024-12-26T09:40:28","slug":"alicates-de-muelles-de-frenos","status":"publish","type":"product","link":"https:\/\/toolhub.es\/en\/producto\/alicates-de-muelles-de-frenos\/","title":{"rendered":"BRAKE SPRING PLIERS"},"content":{"rendered":"","protected":false},"excerpt":{"rendered":"<p><strong>Descripci\u00f3n:<\/strong><br \/>\nDise\u00f1ado para la instalaci\u00f3n y remoci\u00f3n de los resortes de retorno de pie de tambor, tambi\u00e9n para la remoci\u00f3n \/ instalaci\u00f3n del spring del perno de anclaje, para la mayor\u00eda de autom\u00f3viles y veh\u00edculos comerciales ligeros.<\/p>\n","protected":false},"featured_media":25619,"template":"","meta":[],"product_cat":[274],"product_tag":[],"acf":[],"aioseo_notices":[],"_links":{"self":[{"href":"https:\/\/toolhub.es\/en\/wp-json\/wp\/v2\/product\/21090"}],"collection":[{"href":"https:\/\/toolhub.es\/en\/wp-json\/wp\/v2\/product"}],"about":[{"href":"https:\/\/toolhub.es\/en\/wp-json\/wp\/v2\/types\/product"}],"wp:featuredmedia":[{"embeddable":true,"href":"https:\/\/toolhub.es\/en\/wp-json\/wp\/v2\/media\/25619"}],"wp:attachment":[{"href":"https:\/\/toolhub.es\/en\/wp-json\/wp\/v2\/media?parent=21090"}],"wp:term":[{"taxonomy":"product_cat","embeddable":true,"href":"https:\/\/toolhub.es\/en\/wp-json\/wp\/v2\/product_cat?post=21090"},{"taxonomy":"product_tag","embeddable":true,"href":"https:\/\/toolhub.es\/en\/wp-json\/wp\/v2\/product_tag?post=21090"}],"curies":[{"name":"wp","href":"https:\/\/api.w.org\/{rel}","templated":true}]}}