{"id":21094,"date":"2023-03-21T09:21:41","date_gmt":"2023-03-21T09:21:41","guid":{"rendered":"https:\/\/toolhub.es\/producto\/sangrador-de-frenos-por-presion-12v\/"},"modified":"2024-12-26T09:40:35","modified_gmt":"2024-12-26T09:40:35","slug":"sangrador-de-frenos-por-presion-12v","status":"publish","type":"product","link":"https:\/\/toolhub.es\/en\/producto\/sangrador-de-frenos-por-presion-12v\/","title":{"rendered":"12V PRESSURE BRAKE FLUID BLEEDER 2L"},"content":{"rendered":"","protected":false},"excerpt":{"rendered":"<p><strong>Descripci\u00f3n:<\/strong><br \/>\nEquipo de sangrado l\u00edquido de frenos aut\u00f3nomo que permite la extracci\u00f3n del circuito a trav\u00e9s de impulsos, evitando que quede en recodos y zonas dif\u00edciles. F\u00e1cil de uso, simple y fiable. <\/p>\n<p>&#8211; Port\u00e1til y aut\u00f3nomo<br \/>\n&#8211; Compatible con los sistemas ABS<br \/>\n&#8211; Alimentaci\u00f3n 12v con prevenci\u00f3n contra las inversiones de polaridades<br \/>\n&#8211; Cuerpo de acero inoxidable<br \/>\n&#8211; Bomba perist\u00e1ltica con parada autom\u00e1tica, no hay contacto directo entre el l\u00edquido, el aire y las partes m\u00f3viles de la bomba<br \/>\n&#8211; Regulador de 0 hasta 3Bars<br \/>\n&#8211; Dep\u00f3sito de 2 litros con nivel visible e indicaci\u00f3n de nivel m\u00ednimo<br \/>\n&#8211; Parada autom\u00e1tica de la bomba al nivel m\u00ednimo<br \/>\n&#8211; Apertura ancha del dep\u00f3sito para facilitar su limpieza<br \/>\n&#8211; Cable de alimentaci\u00f3n 12v<br \/>\n&#8211; Flexible de alimentaci\u00f3n l\u00edquido de frenos con empalme r\u00e1pido, bid\u00f3n de recuperaci\u00f3n del l\u00edquido con cadenilla de enganche y tap\u00f3n de rosca<\/p>\n","protected":false},"featured_media":25623,"template":"","meta":[],"product_cat":[274],"product_tag":[],"acf":[],"aioseo_notices":[],"_links":{"self":[{"href":"https:\/\/toolhub.es\/en\/wp-json\/wp\/v2\/product\/21094"}],"collection":[{"href":"https:\/\/toolhub.es\/en\/wp-json\/wp\/v2\/product"}],"about":[{"href":"https:\/\/toolhub.es\/en\/wp-json\/wp\/v2\/types\/product"}],"wp:featuredmedia":[{"embeddable":true,"href":"https:\/\/toolhub.es\/en\/wp-json\/wp\/v2\/media\/25623"}],"wp:attachment":[{"href":"https:\/\/toolhub.es\/en\/wp-json\/wp\/v2\/media?parent=21094"}],"wp:term":[{"taxonomy":"product_cat","embeddable":true,"href":"https:\/\/toolhub.es\/en\/wp-json\/wp\/v2\/product_cat?post=21094"},{"taxonomy":"product_tag","embeddable":true,"href":"https:\/\/toolhub.es\/en\/wp-json\/wp\/v2\/product_tag?post=21094"}],"curies":[{"name":"wp","href":"https:\/\/api.w.org\/{rel}","templated":true}]}}