{"id":21096,"date":"2023-03-21T09:21:41","date_gmt":"2023-03-21T09:21:41","guid":{"rendered":"https:\/\/toolhub.es\/producto\/llave-de-filtro-de-diesel-vw-crafter-2-5tdi-volvo-2-0-2-4-d\/"},"modified":"2024-12-26T09:40:42","modified_gmt":"2024-12-26T09:40:42","slug":"llave-de-filtro-de-diesel-vw-crafter-2-5tdi-volvo-2-0-2-4-d","status":"publish","type":"product","link":"https:\/\/toolhub.es\/en\/producto\/llave-de-filtro-de-diesel-vw-crafter-2-5tdi-volvo-2-0-2-4-d\/","title":{"rendered":"DIESEL FUEL FILTER WRENCH &#8211; VW CRAFTER 2.5TDI \/ VOLVO 2.0 &#038; 2.4 D"},"content":{"rendered":"","protected":false},"excerpt":{"rendered":"<p><strong>Descripci\u00f3n:<\/strong><br \/>\nEspecialmente dise\u00f1ado para adaptarse a la carcasa de pl\u00e1stico para la extracci\u00f3n y sustituci\u00f3n del filtro de combustible de papel.<\/p>\n[supsystic-tables id=223]\n[supsystic-tables id=224]\n","protected":false},"featured_media":25625,"template":"","meta":[],"product_cat":[259],"product_tag":[],"acf":[],"aioseo_notices":[],"_links":{"self":[{"href":"https:\/\/toolhub.es\/en\/wp-json\/wp\/v2\/product\/21096"}],"collection":[{"href":"https:\/\/toolhub.es\/en\/wp-json\/wp\/v2\/product"}],"about":[{"href":"https:\/\/toolhub.es\/en\/wp-json\/wp\/v2\/types\/product"}],"wp:featuredmedia":[{"embeddable":true,"href":"https:\/\/toolhub.es\/en\/wp-json\/wp\/v2\/media\/25625"}],"wp:attachment":[{"href":"https:\/\/toolhub.es\/en\/wp-json\/wp\/v2\/media?parent=21096"}],"wp:term":[{"taxonomy":"product_cat","embeddable":true,"href":"https:\/\/toolhub.es\/en\/wp-json\/wp\/v2\/product_cat?post=21096"},{"taxonomy":"product_tag","embeddable":true,"href":"https:\/\/toolhub.es\/en\/wp-json\/wp\/v2\/product_tag?post=21096"}],"curies":[{"name":"wp","href":"https:\/\/api.w.org\/{rel}","templated":true}]}}