{"id":21097,"date":"2023-03-21T09:21:41","date_gmt":"2023-03-21T09:21:41","guid":{"rendered":"https:\/\/toolhub.es\/producto\/extractor-instalador-del-reten-del-cilindro-de-elevacion-hidraulica-volvo-fm12\/"},"modified":"2024-12-26T09:40:43","modified_gmt":"2024-12-26T09:40:43","slug":"extractor-instalador-del-reten-del-cilindro-de-elevacion-hidraulica-volvo-fm12","status":"publish","type":"product","link":"https:\/\/toolhub.es\/en\/producto\/extractor-instalador-del-reten-del-cilindro-de-elevacion-hidraulica-volvo-fm12\/","title":{"rendered":"HYDRAULIC LIFT CYLINDER OIL SEAL REMOVER \/ INSTALLER, VOLVO FM12"},"content":{"rendered":"","protected":false},"excerpt":{"rendered":"<p><strong>Descripci\u00f3n:<\/strong><br \/>\nEsta herramienta est\u00e1 dise\u00f1ada para desmontar e instalar el sello de aceite del cilindro de elevaci\u00f3n hidr\u00e1ulica.<\/p>\n<p>VOLVO (FM12) posteriores a 2005<\/p>\n","protected":false},"featured_media":25626,"template":"","meta":[],"product_cat":[279],"product_tag":[],"acf":[],"aioseo_notices":[],"_links":{"self":[{"href":"https:\/\/toolhub.es\/en\/wp-json\/wp\/v2\/product\/21097"}],"collection":[{"href":"https:\/\/toolhub.es\/en\/wp-json\/wp\/v2\/product"}],"about":[{"href":"https:\/\/toolhub.es\/en\/wp-json\/wp\/v2\/types\/product"}],"wp:featuredmedia":[{"embeddable":true,"href":"https:\/\/toolhub.es\/en\/wp-json\/wp\/v2\/media\/25626"}],"wp:attachment":[{"href":"https:\/\/toolhub.es\/en\/wp-json\/wp\/v2\/media?parent=21097"}],"wp:term":[{"taxonomy":"product_cat","embeddable":true,"href":"https:\/\/toolhub.es\/en\/wp-json\/wp\/v2\/product_cat?post=21097"},{"taxonomy":"product_tag","embeddable":true,"href":"https:\/\/toolhub.es\/en\/wp-json\/wp\/v2\/product_tag?post=21097"}],"curies":[{"name":"wp","href":"https:\/\/api.w.org\/{rel}","templated":true}]}}