{"id":21101,"date":"2023-03-21T09:21:41","date_gmt":"2023-03-21T09:21:41","guid":{"rendered":"https:\/\/toolhub.es\/producto\/llave-de-tensar-mercedes\/"},"modified":"2024-12-26T09:40:48","modified_gmt":"2024-12-26T09:40:48","slug":"llave-de-tensar-mercedes","status":"publish","type":"product","link":"https:\/\/toolhub.es\/en\/producto\/llave-de-tensar-mercedes\/","title":{"rendered":"TENSION WRENCH &#8211; MERECEDES"},"content":{"rendered":"","protected":false},"excerpt":{"rendered":"<p><strong>Descripci\u00f3n:<\/strong><br \/>\nHerramienta para comprimir el tensor hidr\u00e1ulico para veh\u00edculos con funci\u00f3n Stop\/Start y\/o aire acondicionado.<\/p>\n<p><strong>Aplicaciones:<\/strong><br \/>\nMercedes Clase A<\/p>\n<p><strong>Motores<\/strong> 1.5 \/ 1.7 \/ 2.0.<\/p>\n","protected":false},"featured_media":25630,"template":"","meta":[],"product_cat":[278],"product_tag":[],"acf":[],"aioseo_notices":[],"_links":{"self":[{"href":"https:\/\/toolhub.es\/en\/wp-json\/wp\/v2\/product\/21101"}],"collection":[{"href":"https:\/\/toolhub.es\/en\/wp-json\/wp\/v2\/product"}],"about":[{"href":"https:\/\/toolhub.es\/en\/wp-json\/wp\/v2\/types\/product"}],"wp:featuredmedia":[{"embeddable":true,"href":"https:\/\/toolhub.es\/en\/wp-json\/wp\/v2\/media\/25630"}],"wp:attachment":[{"href":"https:\/\/toolhub.es\/en\/wp-json\/wp\/v2\/media?parent=21101"}],"wp:term":[{"taxonomy":"product_cat","embeddable":true,"href":"https:\/\/toolhub.es\/en\/wp-json\/wp\/v2\/product_cat?post=21101"},{"taxonomy":"product_tag","embeddable":true,"href":"https:\/\/toolhub.es\/en\/wp-json\/wp\/v2\/product_tag?post=21101"}],"curies":[{"name":"wp","href":"https:\/\/api.w.org\/{rel}","templated":true}]}}