{"id":21131,"date":"2023-03-21T09:22:26","date_gmt":"2023-03-21T09:22:26","guid":{"rendered":"https:\/\/toolhub.es\/producto\/protector-antipico-12-24-v\/"},"modified":"2024-12-26T09:41:30","modified_gmt":"2024-12-26T09:41:30","slug":"protector-antipico-12-24-v","status":"publish","type":"product","link":"https:\/\/toolhub.es\/en\/producto\/protector-antipico-12-24-v\/","title":{"rendered":"SURGE PROTECTOR 12\/24 V"},"content":{"rendered":"","protected":false},"excerpt":{"rendered":"<p><strong>Descripci\u00f3n:<\/strong><br \/>\nUnidad dise\u00f1ada para evitar los picos de voltaje y sobretensiones.<br \/>\nPermite soldar y realizar cortes de plasma sin da\u00f1ar la electr\u00f3nica del veh\u00edculo.<br \/>\nLuz testigo para corroborar el correcto funcionamiento.<\/p>\n","protected":false},"featured_media":25659,"template":"","meta":[],"product_cat":[277],"product_tag":[],"acf":[],"aioseo_notices":[],"_links":{"self":[{"href":"https:\/\/toolhub.es\/en\/wp-json\/wp\/v2\/product\/21131"}],"collection":[{"href":"https:\/\/toolhub.es\/en\/wp-json\/wp\/v2\/product"}],"about":[{"href":"https:\/\/toolhub.es\/en\/wp-json\/wp\/v2\/types\/product"}],"wp:featuredmedia":[{"embeddable":true,"href":"https:\/\/toolhub.es\/en\/wp-json\/wp\/v2\/media\/25659"}],"wp:attachment":[{"href":"https:\/\/toolhub.es\/en\/wp-json\/wp\/v2\/media?parent=21131"}],"wp:term":[{"taxonomy":"product_cat","embeddable":true,"href":"https:\/\/toolhub.es\/en\/wp-json\/wp\/v2\/product_cat?post=21131"},{"taxonomy":"product_tag","embeddable":true,"href":"https:\/\/toolhub.es\/en\/wp-json\/wp\/v2\/product_tag?post=21131"}],"curies":[{"name":"wp","href":"https:\/\/api.w.org\/{rel}","templated":true}]}}