{"id":21133,"date":"2023-03-21T09:22:26","date_gmt":"2023-03-21T09:22:26","guid":{"rendered":"https:\/\/toolhub.es\/producto\/juego-para-tapones-de-aceite-de-plastico-5-pzs-vag-bmw-ford-psa\/"},"modified":"2025-05-07T13:33:52","modified_gmt":"2025-05-07T13:33:52","slug":"juego-para-tapones-de-aceite-de-plastico-5-pzs-vag-bmw-ford-psa","status":"publish","type":"product","link":"https:\/\/toolhub.es\/en\/producto\/juego-para-tapones-de-aceite-de-plastico-5-pzs-vag-bmw-ford-psa\/","title":{"rendered":"PLASTIC OIL DRAIN PAN PLUG SET, 5 PC &#8211; VAG \/ BMW \/ PSA \/ FORD"},"content":{"rendered":"","protected":false},"excerpt":{"rendered":"<p><strong>Descripci\u00f3n:<\/strong><br \/>\n\u00datil para quitar e instalar tapones de aceite de pl\u00e1stico en veh\u00edculos modernos VAG, BMW, Ford, Mercedes y PSA.<\/p>\n<p><em>Los tapones se venden por separado, Ref.10078\/10079\/10080\/9981<\/em><\/p>\n","protected":false},"featured_media":27640,"template":"","meta":[],"product_cat":[259],"product_tag":[],"acf":[],"aioseo_notices":[],"_links":{"self":[{"href":"https:\/\/toolhub.es\/en\/wp-json\/wp\/v2\/product\/21133"}],"collection":[{"href":"https:\/\/toolhub.es\/en\/wp-json\/wp\/v2\/product"}],"about":[{"href":"https:\/\/toolhub.es\/en\/wp-json\/wp\/v2\/types\/product"}],"wp:featuredmedia":[{"embeddable":true,"href":"https:\/\/toolhub.es\/en\/wp-json\/wp\/v2\/media\/27640"}],"wp:attachment":[{"href":"https:\/\/toolhub.es\/en\/wp-json\/wp\/v2\/media?parent=21133"}],"wp:term":[{"taxonomy":"product_cat","embeddable":true,"href":"https:\/\/toolhub.es\/en\/wp-json\/wp\/v2\/product_cat?post=21133"},{"taxonomy":"product_tag","embeddable":true,"href":"https:\/\/toolhub.es\/en\/wp-json\/wp\/v2\/product_tag?post=21133"}],"curies":[{"name":"wp","href":"https:\/\/api.w.org\/{rel}","templated":true}]}}