{"id":21139,"date":"2023-03-21T09:22:26","date_gmt":"2023-03-21T09:22:26","guid":{"rendered":"https:\/\/toolhub.es\/producto\/tubo-de-drenaje-para-filtros-de-aceite-motores-vag\/"},"modified":"2024-12-26T09:41:42","modified_gmt":"2024-12-26T09:41:42","slug":"tubo-de-drenaje-para-filtros-de-aceite-motores-vag","status":"publish","type":"product","link":"https:\/\/toolhub.es\/en\/producto\/tubo-de-drenaje-para-filtros-de-aceite-motores-vag\/","title":{"rendered":"OI FLITER DRAINAGE TUBE &#8211; VAG"},"content":{"rendered":"","protected":false},"excerpt":{"rendered":"<p><strong>Descripci\u00f3n:<\/strong><\/p>\n<ul>\n<li>Se conecta a la carcasa del filtro de aceite y permite frenar el mismo antes de abrirla para cambiar el filtro.<\/li>\n<li>Para la prevenci\u00f3n de derrames mientras drena el aceite del motor en VAG 2.0 y 2.5 motores. Adecuado para motores de gasolina 2.0 Turbo de c\u00f3digo (BPY) en Volkswagen Jetta, Golf, Passat y Eos. Tambi\u00e9n 2.5 5 motores di\u00e9sel cyl instalado en Volkswagen Transporter con C\u00f3digos motor (AXD, AXE, BNZ, BPC)<\/li>\n<li>Longitud del tubo: 500 mm<\/li>\n<\/ul>\n","protected":false},"featured_media":25667,"template":"","meta":[],"product_cat":[283],"product_tag":[],"acf":[],"aioseo_notices":[],"_links":{"self":[{"href":"https:\/\/toolhub.es\/en\/wp-json\/wp\/v2\/product\/21139"}],"collection":[{"href":"https:\/\/toolhub.es\/en\/wp-json\/wp\/v2\/product"}],"about":[{"href":"https:\/\/toolhub.es\/en\/wp-json\/wp\/v2\/types\/product"}],"wp:featuredmedia":[{"embeddable":true,"href":"https:\/\/toolhub.es\/en\/wp-json\/wp\/v2\/media\/25667"}],"wp:attachment":[{"href":"https:\/\/toolhub.es\/en\/wp-json\/wp\/v2\/media?parent=21139"}],"wp:term":[{"taxonomy":"product_cat","embeddable":true,"href":"https:\/\/toolhub.es\/en\/wp-json\/wp\/v2\/product_cat?post=21139"},{"taxonomy":"product_tag","embeddable":true,"href":"https:\/\/toolhub.es\/en\/wp-json\/wp\/v2\/product_tag?post=21139"}],"curies":[{"name":"wp","href":"https:\/\/api.w.org\/{rel}","templated":true}]}}