{"id":21141,"date":"2023-03-21T09:22:26","date_gmt":"2023-03-21T09:22:26","guid":{"rendered":"https:\/\/toolhub.es\/producto\/cp010-gato-carrocero-10-ton\/"},"modified":"2024-12-26T09:41:47","modified_gmt":"2024-12-26T09:41:47","slug":"cp010-gato-carrocero-10-ton","status":"publish","type":"product","link":"https:\/\/toolhub.es\/en\/producto\/cp010-gato-carrocero-10-ton\/","title":{"rendered":"HYDRAULIC BODY REPAIR KIT &#8211; 10TON"},"content":{"rendered":"","protected":false},"excerpt":{"rendered":"<p><strong>Descripci\u00f3n:<\/strong><br \/>\n10 toneladas de alta resistencia, r\u00e1pida acci\u00f3n de la bomba hidr\u00e1ulica, broche de presi\u00f3n de tuber\u00edas de conexi\u00f3n y accesorios; conector a presi\u00f3n emitidos para un montaje r\u00e1pido y f\u00e1cil.<\/p>\n<p>Suministrado en un estuche de almacenamiento.<\/p>\n","protected":false},"featured_media":25669,"template":"","meta":[],"product_cat":[282],"product_tag":[],"acf":[],"aioseo_notices":[],"_links":{"self":[{"href":"https:\/\/toolhub.es\/en\/wp-json\/wp\/v2\/product\/21141"}],"collection":[{"href":"https:\/\/toolhub.es\/en\/wp-json\/wp\/v2\/product"}],"about":[{"href":"https:\/\/toolhub.es\/en\/wp-json\/wp\/v2\/types\/product"}],"wp:featuredmedia":[{"embeddable":true,"href":"https:\/\/toolhub.es\/en\/wp-json\/wp\/v2\/media\/25669"}],"wp:attachment":[{"href":"https:\/\/toolhub.es\/en\/wp-json\/wp\/v2\/media?parent=21141"}],"wp:term":[{"taxonomy":"product_cat","embeddable":true,"href":"https:\/\/toolhub.es\/en\/wp-json\/wp\/v2\/product_cat?post=21141"},{"taxonomy":"product_tag","embeddable":true,"href":"https:\/\/toolhub.es\/en\/wp-json\/wp\/v2\/product_tag?post=21141"}],"curies":[{"name":"wp","href":"https:\/\/api.w.org\/{rel}","templated":true}]}}