{"id":21145,"date":"2023-03-21T09:22:26","date_gmt":"2023-03-21T09:22:26","guid":{"rendered":"https:\/\/toolhub.es\/producto\/indicador-neumatico-de-punto-muerto-superior\/"},"modified":"2024-12-26T09:41:51","modified_gmt":"2024-12-26T09:41:51","slug":"indicador-neumatico-de-punto-muerto-superior","status":"publish","type":"product","link":"https:\/\/toolhub.es\/en\/producto\/indicador-neumatico-de-punto-muerto-superior\/","title":{"rendered":"PNEUMATIC TDC INDICATOR TOOL"},"content":{"rendered":"","protected":false},"excerpt":{"rendered":"<p><strong>Descripci\u00f3n:<\/strong><br \/>\n\u00datil encontrar el punto muerto superior de los clindros en motores di\u00e9sel y gasolina. Se usa a trav\u00e9s de la rosca de buj\u00eda o calentador y, al rotar el mmotor, indica cuando el pist\u00f3n est\u00e1 en el punto muerto superior.<\/p>\n<p>&#8211; Unidad de medida con soporte magn\u00e9tico<br \/>\n&#8211; Tubo de conexi\u00f3n con la buj\u00eda o el adaptador del calentador en 8 -10 -12 -14 -18 mm   adaptador de cono universal.<br \/>\n&#8211; Tubo adaptador de aluminio de 60 y 160 mm para asientos profundos de buj\u00eda<\/p>\n","protected":false},"featured_media":25673,"template":"","meta":[],"product_cat":[278],"product_tag":[],"acf":[],"aioseo_notices":[],"_links":{"self":[{"href":"https:\/\/toolhub.es\/en\/wp-json\/wp\/v2\/product\/21145"}],"collection":[{"href":"https:\/\/toolhub.es\/en\/wp-json\/wp\/v2\/product"}],"about":[{"href":"https:\/\/toolhub.es\/en\/wp-json\/wp\/v2\/types\/product"}],"wp:featuredmedia":[{"embeddable":true,"href":"https:\/\/toolhub.es\/en\/wp-json\/wp\/v2\/media\/25673"}],"wp:attachment":[{"href":"https:\/\/toolhub.es\/en\/wp-json\/wp\/v2\/media?parent=21145"}],"wp:term":[{"taxonomy":"product_cat","embeddable":true,"href":"https:\/\/toolhub.es\/en\/wp-json\/wp\/v2\/product_cat?post=21145"},{"taxonomy":"product_tag","embeddable":true,"href":"https:\/\/toolhub.es\/en\/wp-json\/wp\/v2\/product_tag?post=21145"}],"curies":[{"name":"wp","href":"https:\/\/api.w.org\/{rel}","templated":true}]}}