{"id":21179,"date":"2023-03-21T09:23:10","date_gmt":"2023-03-21T09:23:10","guid":{"rendered":"https:\/\/toolhub.es\/producto\/kit-reparacion-helicoil-m5-m12-131-pzas\/"},"modified":"2024-12-26T09:42:34","modified_gmt":"2024-12-26T09:42:34","slug":"kit-reparacion-helicoil-m5-m12-131-pzas","status":"publish","type":"product","link":"https:\/\/toolhub.es\/en\/producto\/kit-reparacion-helicoil-m5-m12-131-pzas\/","title":{"rendered":"HELICOIL THREAD REPAIR SET 131 PZS"},"content":{"rendered":"","protected":false},"excerpt":{"rendered":"<p><strong>Descripci\u00f3n<\/strong><\/p>\n<ul>\n<li>Conjunto maestro de 131 piezas de roscas que cubre 5 tama\u00f1os populares de hilo.<\/li>\n<li>Ideal para la reparaci\u00f3n de roscas internas da\u00f1ados o corro\u00eddas, crea un hilo m\u00e1s fuerte cuando se utiliza en metales blandos.<\/li>\n<li>Tama\u00f1os de rosca M5 x 0.8, M6 x 1, M8 x 1.25, M10 x 1.5, M12 x 1.75<\/li>\n<li>Contiene 110 inserciones.<\/li>\n<\/ul>\n","protected":false},"featured_media":25706,"template":"","meta":[],"product_cat":[231],"product_tag":[],"acf":[],"aioseo_notices":[],"_links":{"self":[{"href":"https:\/\/toolhub.es\/en\/wp-json\/wp\/v2\/product\/21179"}],"collection":[{"href":"https:\/\/toolhub.es\/en\/wp-json\/wp\/v2\/product"}],"about":[{"href":"https:\/\/toolhub.es\/en\/wp-json\/wp\/v2\/types\/product"}],"wp:featuredmedia":[{"embeddable":true,"href":"https:\/\/toolhub.es\/en\/wp-json\/wp\/v2\/media\/25706"}],"wp:attachment":[{"href":"https:\/\/toolhub.es\/en\/wp-json\/wp\/v2\/media?parent=21179"}],"wp:term":[{"taxonomy":"product_cat","embeddable":true,"href":"https:\/\/toolhub.es\/en\/wp-json\/wp\/v2\/product_cat?post=21179"},{"taxonomy":"product_tag","embeddable":true,"href":"https:\/\/toolhub.es\/en\/wp-json\/wp\/v2\/product_tag?post=21179"}],"curies":[{"name":"wp","href":"https:\/\/api.w.org\/{rel}","templated":true}]}}