{"id":21187,"date":"2023-03-21T09:23:28","date_gmt":"2023-03-21T09:23:28","guid":{"rendered":"https:\/\/toolhub.es\/producto\/alicates-para-engastar-term-cabeza-intercambiable-term-aislados-y-no-aislados\/"},"modified":"2024-12-26T09:42:44","modified_gmt":"2024-12-26T09:42:44","slug":"alicates-para-engastar-term-cabeza-intercambiable-term-aislados-y-no-aislados","status":"publish","type":"product","link":"https:\/\/toolhub.es\/en\/producto\/alicates-para-engastar-term-cabeza-intercambiable-term-aislados-y-no-aislados\/","title":{"rendered":"RATCHET ACTION TERMINBAL CRIMPING PLIERS"},"content":{"rendered":"","protected":false},"excerpt":{"rendered":"<p><strong>Descripci\u00f3n<\/strong><\/p>\n<ul>\n<li>Herramienta robusta para cambio r\u00e1pido y prensa de cable el\u00e9ctrico. Muy c\u00f3moda.<\/li>\n<li>Cabezas intercambiables para terminales aislados tama\u00f1os 0.5, 1.0, 1.5, 2.0, 2.5, 4, 5, y 6 mm y tama\u00f1o de los terminales no aislados 1,5, 2.5, 6 y 10 mm.<\/li>\n<\/ul>\n","protected":false},"featured_media":25714,"template":"","meta":[],"product_cat":[277],"product_tag":[],"acf":[],"aioseo_notices":[],"_links":{"self":[{"href":"https:\/\/toolhub.es\/en\/wp-json\/wp\/v2\/product\/21187"}],"collection":[{"href":"https:\/\/toolhub.es\/en\/wp-json\/wp\/v2\/product"}],"about":[{"href":"https:\/\/toolhub.es\/en\/wp-json\/wp\/v2\/types\/product"}],"wp:featuredmedia":[{"embeddable":true,"href":"https:\/\/toolhub.es\/en\/wp-json\/wp\/v2\/media\/25714"}],"wp:attachment":[{"href":"https:\/\/toolhub.es\/en\/wp-json\/wp\/v2\/media?parent=21187"}],"wp:term":[{"taxonomy":"product_cat","embeddable":true,"href":"https:\/\/toolhub.es\/en\/wp-json\/wp\/v2\/product_cat?post=21187"},{"taxonomy":"product_tag","embeddable":true,"href":"https:\/\/toolhub.es\/en\/wp-json\/wp\/v2\/product_tag?post=21187"}],"curies":[{"name":"wp","href":"https:\/\/api.w.org\/{rel}","templated":true}]}}