{"id":21200,"date":"2023-03-21T09:23:28","date_gmt":"2023-03-21T09:23:28","guid":{"rendered":"https:\/\/toolhub.es\/producto\/densimetro-de-liquido-de-baterias\/"},"modified":"2024-12-26T09:43:00","modified_gmt":"2024-12-26T09:43:00","slug":"densimetro-de-liquido-de-baterias","status":"publish","type":"product","link":"https:\/\/toolhub.es\/en\/producto\/densimetro-de-liquido-de-baterias\/","title":{"rendered":"BATTERY FLUID TESTER"},"content":{"rendered":"","protected":false},"excerpt":{"rendered":"<p><strong>Descripci\u00f3n<\/strong><\/p>\n<ul>\n<li>Pruebas de forma r\u00e1pida la condici\u00f3n de bater\u00edas de 6, 12 y 24 Voltios con escala de f\u00e1cil lectura.<\/li>\n<liConstrucci\u00f3n de tubo de vidrio.<\/li>\n<\/ul>\n","protected":false},"featured_media":25727,"template":"","meta":[],"product_cat":[277],"product_tag":[],"acf":[],"aioseo_notices":[],"_links":{"self":[{"href":"https:\/\/toolhub.es\/en\/wp-json\/wp\/v2\/product\/21200"}],"collection":[{"href":"https:\/\/toolhub.es\/en\/wp-json\/wp\/v2\/product"}],"about":[{"href":"https:\/\/toolhub.es\/en\/wp-json\/wp\/v2\/types\/product"}],"wp:featuredmedia":[{"embeddable":true,"href":"https:\/\/toolhub.es\/en\/wp-json\/wp\/v2\/media\/25727"}],"wp:attachment":[{"href":"https:\/\/toolhub.es\/en\/wp-json\/wp\/v2\/media?parent=21200"}],"wp:term":[{"taxonomy":"product_cat","embeddable":true,"href":"https:\/\/toolhub.es\/en\/wp-json\/wp\/v2\/product_cat?post=21200"},{"taxonomy":"product_tag","embeddable":true,"href":"https:\/\/toolhub.es\/en\/wp-json\/wp\/v2\/product_tag?post=21200"}],"curies":[{"name":"wp","href":"https:\/\/api.w.org\/{rel}","templated":true}]}}