{"id":21204,"date":"2023-03-21T09:23:28","date_gmt":"2023-03-21T09:23:28","guid":{"rendered":"https:\/\/toolhub.es\/producto\/grabador-de-memoria-12v-eobd-mechero\/"},"modified":"2024-12-26T09:43:06","modified_gmt":"2024-12-26T09:43:06","slug":"grabador-de-memoria-12v-eobd-mechero","status":"publish","type":"product","link":"https:\/\/toolhub.es\/en\/producto\/grabador-de-memoria-12v-eobd-mechero\/","title":{"rendered":"EOBD 12V MEMORY SAVER"},"content":{"rendered":"","protected":false},"excerpt":{"rendered":"<p>Se conecta a una bater\u00eda auxiliar para alimentar el circuito del veh\u00edculo mientras la bater\u00eda est\u00e1 desconectada.<br \/>\nSe conecta directamente al enchufe diagn\u00f3stico EOBD del veh\u00edculo o usando el adaptador para conectarse a trav\u00e9s del encendedor de mechero.<\/p>\n","protected":false},"featured_media":25730,"template":"","meta":[],"product_cat":[281],"product_tag":[],"acf":[],"aioseo_notices":[],"_links":{"self":[{"href":"https:\/\/toolhub.es\/en\/wp-json\/wp\/v2\/product\/21204"}],"collection":[{"href":"https:\/\/toolhub.es\/en\/wp-json\/wp\/v2\/product"}],"about":[{"href":"https:\/\/toolhub.es\/en\/wp-json\/wp\/v2\/types\/product"}],"wp:featuredmedia":[{"embeddable":true,"href":"https:\/\/toolhub.es\/en\/wp-json\/wp\/v2\/media\/25730"}],"wp:attachment":[{"href":"https:\/\/toolhub.es\/en\/wp-json\/wp\/v2\/media?parent=21204"}],"wp:term":[{"taxonomy":"product_cat","embeddable":true,"href":"https:\/\/toolhub.es\/en\/wp-json\/wp\/v2\/product_cat?post=21204"},{"taxonomy":"product_tag","embeddable":true,"href":"https:\/\/toolhub.es\/en\/wp-json\/wp\/v2\/product_tag?post=21204"}],"curies":[{"name":"wp","href":"https:\/\/api.w.org\/{rel}","templated":true}]}}