{"id":21219,"date":"2023-03-21T09:23:45","date_gmt":"2023-03-21T09:23:45","guid":{"rendered":"https:\/\/toolhub.es\/producto\/comprobador-de-bateria-y-alternador-6-12v\/"},"modified":"2024-12-26T09:43:29","modified_gmt":"2024-12-26T09:43:29","slug":"comprobador-de-bateria-y-alternador-6-12v","status":"publish","type":"product","link":"https:\/\/toolhub.es\/en\/producto\/comprobador-de-bateria-y-alternador-6-12v\/","title":{"rendered":"BATTERY LOAD &#038; ALTERNATOR TESTER 6 &#038; 12V"},"content":{"rendered":"","protected":false},"excerpt":{"rendered":"<p><strong>Descripci\u00f3n<\/strong><br \/>\n\u0095 Comprueba la capacidad de arranque de la bater\u00eda<br \/>\n\u0095 Comprueba la tensi\u00f3n del alternador.<br \/>\n\u0095 Detecta si hay un problema en el circuito de Carga del veh\u00edculo que pueda da\u00f1ar bater\u00eda o la electr\u00f3nica a bordo.<br \/>\n\u0095 Resultado de an\u00e1lisis r\u00e1pido (< 10 segundos) con simplificaci\u00f3n de lectura gracias a los c\u00f3digos de color\n\u0095 Para bater\u00edas de 6 V y 12 V, salida del sistema de carga (<16 V).\n\u0095 Pantalla anal\u00f3gica de f\u00e1cil lectura.\n\u0095 Apto para bater\u00edas de ion de litio.\n<\/p>\n","protected":false},"featured_media":25745,"template":"","meta":[],"product_cat":[259,277],"product_tag":[],"acf":[],"aioseo_notices":[],"_links":{"self":[{"href":"https:\/\/toolhub.es\/en\/wp-json\/wp\/v2\/product\/21219"}],"collection":[{"href":"https:\/\/toolhub.es\/en\/wp-json\/wp\/v2\/product"}],"about":[{"href":"https:\/\/toolhub.es\/en\/wp-json\/wp\/v2\/types\/product"}],"wp:featuredmedia":[{"embeddable":true,"href":"https:\/\/toolhub.es\/en\/wp-json\/wp\/v2\/media\/25745"}],"wp:attachment":[{"href":"https:\/\/toolhub.es\/en\/wp-json\/wp\/v2\/media?parent=21219"}],"wp:term":[{"taxonomy":"product_cat","embeddable":true,"href":"https:\/\/toolhub.es\/en\/wp-json\/wp\/v2\/product_cat?post=21219"},{"taxonomy":"product_tag","embeddable":true,"href":"https:\/\/toolhub.es\/en\/wp-json\/wp\/v2\/product_tag?post=21219"}],"curies":[{"name":"wp","href":"https:\/\/api.w.org\/{rel}","templated":true}]}}