{"id":21242,"date":"2023-03-21T09:24:04","date_gmt":"2023-03-21T09:24:04","guid":{"rendered":"https:\/\/toolhub.es\/producto\/vaso-para-pasador-de-ballesta-amortiguador-delantero-volvo\/"},"modified":"2024-12-26T09:44:00","modified_gmt":"2024-12-26T09:44:00","slug":"vaso-para-pasador-de-ballesta-amortiguador-delantero-volvo","status":"publish","type":"product","link":"https:\/\/toolhub.es\/en\/producto\/vaso-para-pasador-de-ballesta-amortiguador-delantero-volvo\/","title":{"rendered":"FRONT SHOCK SPRING PIN WASHER SOCKET &#8211; VOLVO TRUCKS"},"content":{"rendered":"","protected":false},"excerpt":{"rendered":"<p><strong>Descripci\u00f3n<\/strong><br \/>\nCuadrado de 27mm. hexagonal.<br \/>\nDi\u00e1metro de c\u00edrculo: 37mm.Di\u00e1metro de pin: 8,73mm.<\/p>\n","protected":false},"featured_media":25766,"template":"","meta":[],"product_cat":[275],"product_tag":[],"acf":[],"aioseo_notices":[],"_links":{"self":[{"href":"https:\/\/toolhub.es\/en\/wp-json\/wp\/v2\/product\/21242"}],"collection":[{"href":"https:\/\/toolhub.es\/en\/wp-json\/wp\/v2\/product"}],"about":[{"href":"https:\/\/toolhub.es\/en\/wp-json\/wp\/v2\/types\/product"}],"wp:featuredmedia":[{"embeddable":true,"href":"https:\/\/toolhub.es\/en\/wp-json\/wp\/v2\/media\/25766"}],"wp:attachment":[{"href":"https:\/\/toolhub.es\/en\/wp-json\/wp\/v2\/media?parent=21242"}],"wp:term":[{"taxonomy":"product_cat","embeddable":true,"href":"https:\/\/toolhub.es\/en\/wp-json\/wp\/v2\/product_cat?post=21242"},{"taxonomy":"product_tag","embeddable":true,"href":"https:\/\/toolhub.es\/en\/wp-json\/wp\/v2\/product_tag?post=21242"}],"curies":[{"name":"wp","href":"https:\/\/api.w.org\/{rel}","templated":true}]}}