{"id":21244,"date":"2023-03-21T09:24:04","date_gmt":"2023-03-21T09:24:04","guid":{"rendered":"https:\/\/toolhub.es\/producto\/comprobador-de-bomba-de-agua\/"},"modified":"2024-12-26T09:44:03","modified_gmt":"2024-12-26T09:44:03","slug":"comprobador-de-bomba-de-agua","status":"publish","type":"product","link":"https:\/\/toolhub.es\/en\/producto\/comprobador-de-bomba-de-agua\/","title":{"rendered":"WATER PUMP TESTER"},"content":{"rendered":"","protected":false},"excerpt":{"rendered":"<p><strong>Descripci\u00f3n<\/strong><br \/>\nDise\u00f1ado para comprobar el funcionamiento, con el motor en marcha, de las bombas de agua del sistema de refrigeraci\u00f3n con acci\u00f3n mec\u00e1nica. El analizador indica de forma eficaz el flujo de refrigerante. Para ello, mide los peque\u00f1os aumentos de presi\u00f3n que produce la circulaci\u00f3n del refrigerante alrededor del bloque. Facilita la identificaci\u00f3n de problemas en las bombas debido a da\u00f1os en rodetes, gripado de los ejes de los rodetes y un deslizamiento excesivo del mecanismo o la correa de la bomba de agua. El kit puede ayudarle a identificar estos problemas antes de desmontar el motor, lo que facilita un diagn\u00f3stico m\u00e1s r\u00e1pido y efectivo.<\/p>\n","protected":false},"featured_media":25768,"template":"","meta":[],"product_cat":[259],"product_tag":[],"acf":[],"aioseo_notices":[],"_links":{"self":[{"href":"https:\/\/toolhub.es\/en\/wp-json\/wp\/v2\/product\/21244"}],"collection":[{"href":"https:\/\/toolhub.es\/en\/wp-json\/wp\/v2\/product"}],"about":[{"href":"https:\/\/toolhub.es\/en\/wp-json\/wp\/v2\/types\/product"}],"wp:featuredmedia":[{"embeddable":true,"href":"https:\/\/toolhub.es\/en\/wp-json\/wp\/v2\/media\/25768"}],"wp:attachment":[{"href":"https:\/\/toolhub.es\/en\/wp-json\/wp\/v2\/media?parent=21244"}],"wp:term":[{"taxonomy":"product_cat","embeddable":true,"href":"https:\/\/toolhub.es\/en\/wp-json\/wp\/v2\/product_cat?post=21244"},{"taxonomy":"product_tag","embeddable":true,"href":"https:\/\/toolhub.es\/en\/wp-json\/wp\/v2\/product_tag?post=21244"}],"curies":[{"name":"wp","href":"https:\/\/api.w.org\/{rel}","templated":true}]}}