{"id":21252,"date":"2023-03-21T09:24:22","date_gmt":"2023-03-21T09:24:22","guid":{"rendered":"https:\/\/toolhub.es\/producto\/llave-de-golpe-aflojar-tuercas-caliper-m26-12-puntas\/"},"modified":"2024-12-26T09:44:11","modified_gmt":"2024-12-26T09:44:11","slug":"llave-de-golpe-aflojar-tuercas-caliper-m26-12-puntas","status":"publish","type":"product","link":"https:\/\/toolhub.es\/en\/producto\/llave-de-golpe-aflojar-tuercas-caliper-m26-12-puntas\/","title":{"rendered":"SLOGGING WRENCH FOR TRUCK BRAKE CALIPER3\/4&#8243; DR. 12 POINT M26"},"content":{"rendered":"","protected":false},"excerpt":{"rendered":"<p><strong>Descripci\u00f3n<\/strong><br \/>\nEsta herramienta est\u00e1 dise\u00f1ada para aflojar\/apretar las conexiones roscadas de la pinza de freno en veh\u00edculos comerciales (como en el eje delantero y del remolque).<\/p>\n<p><strong>Medida:<\/strong> M26 (12-puntas)<\/p>\n<p><strong>Aplicaciones:<\/strong> DAF XF \/ XF 95 \/ XF 105 \/ XF106<\/p>\n<p>F\u00f3rmula de conversi\u00f3n del par de torsi\u00f3n grabada con l\u00e1ser en la llave para calcular la longitud efectiva correcta.<br \/>\nCuadrado de \u00be\u0094 para usar con llave dinamom\u00e9trica.<br \/>\nAdecuado para uso con mazas o martillo<br \/>\nAcabado fosfatado que se utiliza como tratamiento antifricci\u00f3n y para prevenir la corrosi\u00f3n de la herramienta.<\/p>\n","protected":false},"featured_media":25775,"template":"","meta":[],"product_cat":[274,231],"product_tag":[],"acf":[],"aioseo_notices":[],"_links":{"self":[{"href":"https:\/\/toolhub.es\/en\/wp-json\/wp\/v2\/product\/21252"}],"collection":[{"href":"https:\/\/toolhub.es\/en\/wp-json\/wp\/v2\/product"}],"about":[{"href":"https:\/\/toolhub.es\/en\/wp-json\/wp\/v2\/types\/product"}],"wp:featuredmedia":[{"embeddable":true,"href":"https:\/\/toolhub.es\/en\/wp-json\/wp\/v2\/media\/25775"}],"wp:attachment":[{"href":"https:\/\/toolhub.es\/en\/wp-json\/wp\/v2\/media?parent=21252"}],"wp:term":[{"taxonomy":"product_cat","embeddable":true,"href":"https:\/\/toolhub.es\/en\/wp-json\/wp\/v2\/product_cat?post=21252"},{"taxonomy":"product_tag","embeddable":true,"href":"https:\/\/toolhub.es\/en\/wp-json\/wp\/v2\/product_tag?post=21252"}],"curies":[{"name":"wp","href":"https:\/\/api.w.org\/{rel}","templated":true}]}}