{"id":21259,"date":"2023-03-21T09:24:22","date_gmt":"2023-03-21T09:24:22","guid":{"rendered":"https:\/\/toolhub.es\/producto\/tc-3899-tensiometro-de-correas-de-distribucion\/"},"modified":"2024-12-26T09:44:20","modified_gmt":"2024-12-26T09:44:20","slug":"tc-3899-tensiometro-de-correas-de-distribucion","status":"publish","type":"product","link":"https:\/\/toolhub.es\/en\/producto\/tc-3899-tensiometro-de-correas-de-distribucion\/","title":{"rendered":"TIMING BELT TENSION MEASUREMENT TOOL"},"content":{"rendered":"","protected":false},"excerpt":{"rendered":"<p><strong>Descripci\u00f3n<\/strong><br \/>\nHerramienta que permite comprobar f\u00e1cilmente la tensi\u00f3n de las correas de distribuci\u00f3n.<\/p>\n","protected":false},"featured_media":25782,"template":"","meta":[],"product_cat":[278],"product_tag":[],"acf":[],"aioseo_notices":[],"_links":{"self":[{"href":"https:\/\/toolhub.es\/en\/wp-json\/wp\/v2\/product\/21259"}],"collection":[{"href":"https:\/\/toolhub.es\/en\/wp-json\/wp\/v2\/product"}],"about":[{"href":"https:\/\/toolhub.es\/en\/wp-json\/wp\/v2\/types\/product"}],"wp:featuredmedia":[{"embeddable":true,"href":"https:\/\/toolhub.es\/en\/wp-json\/wp\/v2\/media\/25782"}],"wp:attachment":[{"href":"https:\/\/toolhub.es\/en\/wp-json\/wp\/v2\/media?parent=21259"}],"wp:term":[{"taxonomy":"product_cat","embeddable":true,"href":"https:\/\/toolhub.es\/en\/wp-json\/wp\/v2\/product_cat?post=21259"},{"taxonomy":"product_tag","embeddable":true,"href":"https:\/\/toolhub.es\/en\/wp-json\/wp\/v2\/product_tag?post=21259"}],"curies":[{"name":"wp","href":"https:\/\/api.w.org\/{rel}","templated":true}]}}