{"id":21263,"date":"2023-03-21T09:24:22","date_gmt":"2023-03-21T09:24:22","guid":{"rendered":"https:\/\/toolhub.es\/producto\/comprabador-de-circuito-de-refrigeracion-para-vehiculos-comerciales\/"},"modified":"2024-12-26T09:44:25","modified_gmt":"2024-12-26T09:44:25","slug":"comprabador-de-circuito-de-refrigeracion-para-vehiculos-comerciales","status":"publish","type":"product","link":"https:\/\/toolhub.es\/en\/producto\/comprabador-de-circuito-de-refrigeracion-para-vehiculos-comerciales\/","title":{"rendered":"RADIATOR PRESSURE TEST SET &#8211; COMERCIAL VEHICLES"},"content":{"rendered":"","protected":false},"excerpt":{"rendered":"<p><strong>Descripci\u00f3n<\/strong><br \/>\nKit para comprobar la presi\u00f3n en el sistema de refrigeraci\u00f3n con conjunto de adaptadores para  veh\u00edculos industriales.<br \/>\nContiene una bomba de presi\u00f3n y 7 adaptadores con conectores r\u00e1pidos para un uso f\u00e1cil. Apto para diagnosticar fugas en el circuito de refrigeraci\u00f3n (bomba de agua, mangueras, juntas, radiador etc.).<\/p>\n<p><strong>Aplicaciones incluye:<\/strong><br \/>\nDAF, Iveco. Man, Mercedes, Renault, Scania, Volvo.<\/p>\n","protected":false},"featured_media":25786,"template":"","meta":[],"product_cat":[279],"product_tag":[],"acf":[],"aioseo_notices":[],"_links":{"self":[{"href":"https:\/\/toolhub.es\/en\/wp-json\/wp\/v2\/product\/21263"}],"collection":[{"href":"https:\/\/toolhub.es\/en\/wp-json\/wp\/v2\/product"}],"about":[{"href":"https:\/\/toolhub.es\/en\/wp-json\/wp\/v2\/types\/product"}],"wp:featuredmedia":[{"embeddable":true,"href":"https:\/\/toolhub.es\/en\/wp-json\/wp\/v2\/media\/25786"}],"wp:attachment":[{"href":"https:\/\/toolhub.es\/en\/wp-json\/wp\/v2\/media?parent=21263"}],"wp:term":[{"taxonomy":"product_cat","embeddable":true,"href":"https:\/\/toolhub.es\/en\/wp-json\/wp\/v2\/product_cat?post=21263"},{"taxonomy":"product_tag","embeddable":true,"href":"https:\/\/toolhub.es\/en\/wp-json\/wp\/v2\/product_tag?post=21263"}],"curies":[{"name":"wp","href":"https:\/\/api.w.org\/{rel}","templated":true}]}}