{"id":21287,"date":"2023-03-21T09:25:10","date_gmt":"2023-03-21T09:25:10","guid":{"rendered":"https:\/\/toolhub.es\/producto\/compresor-de-muelle-de-valvulas-volvo-fm12\/"},"modified":"2024-12-26T09:44:58","modified_gmt":"2024-12-26T09:44:58","slug":"compresor-de-muelle-de-valvulas-volvo-fm12","status":"publish","type":"product","link":"https:\/\/toolhub.es\/en\/producto\/compresor-de-muelle-de-valvulas-volvo-fm12\/","title":{"rendered":"VALVE SPRING COMPRESOR, VOLVO FM 12"},"content":{"rendered":"","protected":false},"excerpt":{"rendered":"<p><strong>Descripci\u00f3n<\/strong><br \/>\nPara el montaje y desmontaje de los muelles de v\u00e1lvula con la culata montada o desmontada.<br \/>\nProporciona un gran ahorro de tiempo al permitir reparar muelles de v\u00e1lvula y juntas de v\u00e1stago de v\u00e1lvula sin necesidad de desmontar la culata<\/p>\n<p><strong>Aplicaciones:<\/strong><br \/>\n<strong>Volvo<\/strong> FM12.<\/p>\n","protected":false},"featured_media":25806,"template":"","meta":[],"product_cat":[279],"product_tag":[],"acf":[],"aioseo_notices":[],"_links":{"self":[{"href":"https:\/\/toolhub.es\/en\/wp-json\/wp\/v2\/product\/21287"}],"collection":[{"href":"https:\/\/toolhub.es\/en\/wp-json\/wp\/v2\/product"}],"about":[{"href":"https:\/\/toolhub.es\/en\/wp-json\/wp\/v2\/types\/product"}],"wp:featuredmedia":[{"embeddable":true,"href":"https:\/\/toolhub.es\/en\/wp-json\/wp\/v2\/media\/25806"}],"wp:attachment":[{"href":"https:\/\/toolhub.es\/en\/wp-json\/wp\/v2\/media?parent=21287"}],"wp:term":[{"taxonomy":"product_cat","embeddable":true,"href":"https:\/\/toolhub.es\/en\/wp-json\/wp\/v2\/product_cat?post=21287"},{"taxonomy":"product_tag","embeddable":true,"href":"https:\/\/toolhub.es\/en\/wp-json\/wp\/v2\/product_tag?post=21287"}],"curies":[{"name":"wp","href":"https:\/\/api.w.org\/{rel}","templated":true}]}}