{"id":21288,"date":"2023-03-21T09:25:10","date_gmt":"2023-03-21T09:25:10","guid":{"rendered":"https:\/\/toolhub.es\/producto\/compresor-de-muelles-de-valvulas-scania\/"},"modified":"2024-12-26T09:45:00","modified_gmt":"2024-12-26T09:45:00","slug":"compresor-de-muelles-de-valvulas-scania","status":"publish","type":"product","link":"https:\/\/toolhub.es\/en\/producto\/compresor-de-muelles-de-valvulas-scania\/","title":{"rendered":"VALVE SPRING COMPRESSOR &#8211; SCANIA"},"content":{"rendered":"","protected":false},"excerpt":{"rendered":"<p><strong>Descripci\u00f3n<\/strong><br \/>\nPara el montaje y desmontaje de los muelles de v\u00e1lvula con la culata montada o desmontada.<br \/>\nProporciona un gran ahorro de tiempo al permitir reparar muelles de v\u00e1lvula y juntas de v\u00e1stago de v\u00e1lvula sin necesidad de desmontar la culata.<br \/>\nMontaje mediante la gu\u00eda del inyectorbomba.<\/p>\n<p><strong>Aplicaciones:<\/strong><br \/>\nCamiones SCANIA 340 \/ 360 \/ 380<\/p>\n","protected":false},"featured_media":25807,"template":"","meta":[],"product_cat":[279],"product_tag":[],"acf":[],"aioseo_notices":[],"_links":{"self":[{"href":"https:\/\/toolhub.es\/en\/wp-json\/wp\/v2\/product\/21288"}],"collection":[{"href":"https:\/\/toolhub.es\/en\/wp-json\/wp\/v2\/product"}],"about":[{"href":"https:\/\/toolhub.es\/en\/wp-json\/wp\/v2\/types\/product"}],"wp:featuredmedia":[{"embeddable":true,"href":"https:\/\/toolhub.es\/en\/wp-json\/wp\/v2\/media\/25807"}],"wp:attachment":[{"href":"https:\/\/toolhub.es\/en\/wp-json\/wp\/v2\/media?parent=21288"}],"wp:term":[{"taxonomy":"product_cat","embeddable":true,"href":"https:\/\/toolhub.es\/en\/wp-json\/wp\/v2\/product_cat?post=21288"},{"taxonomy":"product_tag","embeddable":true,"href":"https:\/\/toolhub.es\/en\/wp-json\/wp\/v2\/product_tag?post=21288"}],"curies":[{"name":"wp","href":"https:\/\/api.w.org\/{rel}","templated":true}]}}