{"id":21298,"date":"2023-03-21T09:25:10","date_gmt":"2023-03-21T09:25:10","guid":{"rendered":"https:\/\/toolhub.es\/producto\/comprobador-de-circuitos-de-refrigeracion-25pzs\/"},"modified":"2024-12-26T09:45:11","modified_gmt":"2024-12-26T09:45:11","slug":"comprobador-de-circuitos-de-refrigeracion-25pzs","status":"publish","type":"product","link":"https:\/\/toolhub.es\/en\/producto\/comprobador-de-circuitos-de-refrigeracion-25pzs\/","title":{"rendered":"COOLING SYSTEM PRESSURE TEST KIT 25PCS"},"content":{"rendered":"","protected":false},"excerpt":{"rendered":"<p><strong>Descripci\u00f3n<\/strong><br \/>\nPermite comprobar las fugas en el sistema de refrigeraci\u00f3n, bomba de agua, juntas, radiadores y radiadores de calefacci\u00f3n, juntas de culata, mangueras y carcasas.<\/p>\n<p>Suministrado en un malet\u00edn que contiene el man\u00f3metro de la bo mba y conectores r\u00e1pidos para el sistema de refrigeraci\u00f3n.<\/p>\n<p><strong>Compatible con las siguientes marcas de autom\u00f3viles:<\/strong><br \/>\nAlfa, Audi, BMW, Chrysler, Citro\u00ebn, Daewoo, Fiat, Ford, Honda, Hyundai, Kia, Lancia, Mazda, Mercedes, Mitsushi, Nissan, Peugeot, Renault, Rover , Saab, Seat, Skoda, Suzuki, Toyota, Vauxhall \/ Opel, V olvo, VW.<\/p>\n","protected":false},"featured_media":25818,"template":"","meta":[],"product_cat":[259],"product_tag":[],"acf":[],"aioseo_notices":[],"_links":{"self":[{"href":"https:\/\/toolhub.es\/en\/wp-json\/wp\/v2\/product\/21298"}],"collection":[{"href":"https:\/\/toolhub.es\/en\/wp-json\/wp\/v2\/product"}],"about":[{"href":"https:\/\/toolhub.es\/en\/wp-json\/wp\/v2\/types\/product"}],"wp:featuredmedia":[{"embeddable":true,"href":"https:\/\/toolhub.es\/en\/wp-json\/wp\/v2\/media\/25818"}],"wp:attachment":[{"href":"https:\/\/toolhub.es\/en\/wp-json\/wp\/v2\/media?parent=21298"}],"wp:term":[{"taxonomy":"product_cat","embeddable":true,"href":"https:\/\/toolhub.es\/en\/wp-json\/wp\/v2\/product_cat?post=21298"},{"taxonomy":"product_tag","embeddable":true,"href":"https:\/\/toolhub.es\/en\/wp-json\/wp\/v2\/product_tag?post=21298"}],"curies":[{"name":"wp","href":"https:\/\/api.w.org\/{rel}","templated":true}]}}