{"id":21299,"date":"2023-03-21T09:25:10","date_gmt":"2023-03-21T09:25:10","guid":{"rendered":"https:\/\/toolhub.es\/producto\/kit-p-comprobar-circuito-de-refrigeracion\/"},"modified":"2024-12-26T09:45:13","modified_gmt":"2024-12-26T09:45:13","slug":"kit-p-comprobar-circuito-de-refrigeracion","status":"publish","type":"product","link":"https:\/\/toolhub.es\/en\/producto\/kit-p-comprobar-circuito-de-refrigeracion\/","title":{"rendered":"COOLING SYSTEM \/ RADIATOR TESTING SET &#8211; 20PCS"},"content":{"rendered":"","protected":false},"excerpt":{"rendered":"<p><strong>Descripci\u00f3n<\/strong><br \/>\nPermite comprobar los circuitos de refrigeraci\u00f3n en la mayor\u00eda de los veh\u00edculos ya que consta de 19 adaptadores y una bomba de presi\u00f3n.<\/p>\n","protected":false},"featured_media":25819,"template":"","meta":[],"product_cat":[259],"product_tag":[],"acf":[],"aioseo_notices":[],"_links":{"self":[{"href":"https:\/\/toolhub.es\/en\/wp-json\/wp\/v2\/product\/21299"}],"collection":[{"href":"https:\/\/toolhub.es\/en\/wp-json\/wp\/v2\/product"}],"about":[{"href":"https:\/\/toolhub.es\/en\/wp-json\/wp\/v2\/types\/product"}],"wp:featuredmedia":[{"embeddable":true,"href":"https:\/\/toolhub.es\/en\/wp-json\/wp\/v2\/media\/25819"}],"wp:attachment":[{"href":"https:\/\/toolhub.es\/en\/wp-json\/wp\/v2\/media?parent=21299"}],"wp:term":[{"taxonomy":"product_cat","embeddable":true,"href":"https:\/\/toolhub.es\/en\/wp-json\/wp\/v2\/product_cat?post=21299"},{"taxonomy":"product_tag","embeddable":true,"href":"https:\/\/toolhub.es\/en\/wp-json\/wp\/v2\/product_tag?post=21299"}],"curies":[{"name":"wp","href":"https:\/\/api.w.org\/{rel}","templated":true}]}}