{"id":21309,"date":"2023-03-21T09:25:32","date_gmt":"2023-03-21T09:25:32","guid":{"rendered":"https:\/\/toolhub.es\/producto\/ext-rotulas-vehiculos-industriales-39mm\/"},"modified":"2024-12-26T09:45:25","modified_gmt":"2024-12-26T09:45:25","slug":"ext-rotulas-vehiculos-industriales-39mm","status":"publish","type":"product","link":"https:\/\/toolhub.es\/en\/producto\/ext-rotulas-vehiculos-industriales-39mm\/","title":{"rendered":"COMMERCIAL VEHICLE BALL JOINT PULLER &#8211; 39MM"},"content":{"rendered":"","protected":false},"excerpt":{"rendered":"<p><strong>Descripci\u00f3n<\/strong><br \/>\n\u00datil para extraer las r\u00f3tulas del diferencial, direcci\u00f3n, etc.<br \/>\nPara la mayoria de veh\u00edculos comerciales incluyendo Scania, Mercedes Benz, Man, etc.<\/p>\n[table id=5 \/]\n","protected":false},"featured_media":25829,"template":"","meta":[],"product_cat":[275,279],"product_tag":[],"acf":[],"aioseo_notices":[],"_links":{"self":[{"href":"https:\/\/toolhub.es\/en\/wp-json\/wp\/v2\/product\/21309"}],"collection":[{"href":"https:\/\/toolhub.es\/en\/wp-json\/wp\/v2\/product"}],"about":[{"href":"https:\/\/toolhub.es\/en\/wp-json\/wp\/v2\/types\/product"}],"wp:featuredmedia":[{"embeddable":true,"href":"https:\/\/toolhub.es\/en\/wp-json\/wp\/v2\/media\/25829"}],"wp:attachment":[{"href":"https:\/\/toolhub.es\/en\/wp-json\/wp\/v2\/media?parent=21309"}],"wp:term":[{"taxonomy":"product_cat","embeddable":true,"href":"https:\/\/toolhub.es\/en\/wp-json\/wp\/v2\/product_cat?post=21309"},{"taxonomy":"product_tag","embeddable":true,"href":"https:\/\/toolhub.es\/en\/wp-json\/wp\/v2\/product_tag?post=21309"}],"curies":[{"name":"wp","href":"https:\/\/api.w.org\/{rel}","templated":true}]}}