{"id":21310,"date":"2023-03-21T09:25:32","date_gmt":"2023-03-21T09:25:32","guid":{"rendered":"https:\/\/toolhub.es\/producto\/vaso-para-tapa-de-valvula-de-inyeccion-scania-1-2-dr-38mm-8-caras\/"},"modified":"2024-12-26T09:45:26","modified_gmt":"2024-12-26T09:45:26","slug":"vaso-para-tapa-de-valvula-de-inyeccion-scania-1-2-dr-38mm-8-caras","status":"publish","type":"product","link":"https:\/\/toolhub.es\/en\/producto\/vaso-para-tapa-de-valvula-de-inyeccion-scania-1-2-dr-38mm-8-caras\/","title":{"rendered":"ELECTROMAGNETIC INJECTION VALVE CAP SOCKET &#8211; SCANIA, 1\/2&#8243; DR. 38MM 8PT"},"content":{"rendered":"","protected":false},"excerpt":{"rendered":"<p><strong>Descripci\u00f3n<\/strong><br \/>\nVaso especial para apretar y aflojar la tapa de la v\u00e1lvula electromagn\u00e9tica de inyecci\u00f3n en remolques Scania.<\/p>\n<p><strong>Aplicaciones: <\/strong><br \/>\nSCANIA (340) Trailer<\/p>\n<p><strong>\u00d8 Exterior <\/strong>38mm<br \/>\n<strong>\u00d8 Interior<\/strong> 45mm<br \/>\n<strong>Tama\u00f1o<\/strong> 100mm<br \/>\n<strong>Dr.<\/strong> 1\/2&#8243;<\/p>\n<p><strong>Aplicaciones:<\/strong> Scania 340 Remolque.<\/p>\n","protected":false},"featured_media":25830,"template":"","meta":[],"product_cat":[279],"product_tag":[],"acf":[],"aioseo_notices":[],"_links":{"self":[{"href":"https:\/\/toolhub.es\/en\/wp-json\/wp\/v2\/product\/21310"}],"collection":[{"href":"https:\/\/toolhub.es\/en\/wp-json\/wp\/v2\/product"}],"about":[{"href":"https:\/\/toolhub.es\/en\/wp-json\/wp\/v2\/types\/product"}],"wp:featuredmedia":[{"embeddable":true,"href":"https:\/\/toolhub.es\/en\/wp-json\/wp\/v2\/media\/25830"}],"wp:attachment":[{"href":"https:\/\/toolhub.es\/en\/wp-json\/wp\/v2\/media?parent=21310"}],"wp:term":[{"taxonomy":"product_cat","embeddable":true,"href":"https:\/\/toolhub.es\/en\/wp-json\/wp\/v2\/product_cat?post=21310"},{"taxonomy":"product_tag","embeddable":true,"href":"https:\/\/toolhub.es\/en\/wp-json\/wp\/v2\/product_tag?post=21310"}],"curies":[{"name":"wp","href":"https:\/\/api.w.org\/{rel}","templated":true}]}}