{"id":21311,"date":"2023-03-21T09:25:32","date_gmt":"2023-03-21T09:25:32","guid":{"rendered":"https:\/\/toolhub.es\/producto\/instalador-ajustable-de-retenes-18-90mm\/"},"modified":"2026-03-10T10:58:19","modified_gmt":"2026-03-10T10:58:19","slug":"instalador-ajustable-de-retenes-18-90mm","status":"publish","type":"product","link":"https:\/\/toolhub.es\/en\/producto\/instalador-ajustable-de-retenes-18-90mm\/","title":{"rendered":"ADJUSTABLE MASTER BEARING RACE AND SEAL DRIVER &#8211; 18 &#8211; 90MM"},"content":{"rendered":"","protected":false},"excerpt":{"rendered":"<p><strong>Descripci\u00f3n<\/strong><br \/>\n&#8211; Instalador ajustable con 3 pasos de medidas.<br \/>\n&#8211; Basta con aflojar el tornillo de seguridad y girar el dial de ajuste de di\u00e1metro.<br \/>\n&#8211; Cuerpo construido \u00edntegramente en aluminio.<br \/>\n&#8211; Asegura una instalaci\u00f3n r\u00e1pida, segura y sin da\u00f1ar las piezas.<\/p>\n","protected":false},"featured_media":27837,"template":"","meta":[],"product_cat":[275],"product_tag":[],"acf":[],"aioseo_notices":[],"_links":{"self":[{"href":"https:\/\/toolhub.es\/en\/wp-json\/wp\/v2\/product\/21311"}],"collection":[{"href":"https:\/\/toolhub.es\/en\/wp-json\/wp\/v2\/product"}],"about":[{"href":"https:\/\/toolhub.es\/en\/wp-json\/wp\/v2\/types\/product"}],"wp:featuredmedia":[{"embeddable":true,"href":"https:\/\/toolhub.es\/en\/wp-json\/wp\/v2\/media\/27837"}],"wp:attachment":[{"href":"https:\/\/toolhub.es\/en\/wp-json\/wp\/v2\/media?parent=21311"}],"wp:term":[{"taxonomy":"product_cat","embeddable":true,"href":"https:\/\/toolhub.es\/en\/wp-json\/wp\/v2\/product_cat?post=21311"},{"taxonomy":"product_tag","embeddable":true,"href":"https:\/\/toolhub.es\/en\/wp-json\/wp\/v2\/product_tag?post=21311"}],"curies":[{"name":"wp","href":"https:\/\/api.w.org\/{rel}","templated":true}]}}