{"id":21318,"date":"2023-03-21T09:25:32","date_gmt":"2023-03-21T09:25:32","guid":{"rendered":"https:\/\/toolhub.es\/producto\/extractor-de-esparragos-1-2-6-12mm\/"},"modified":"2024-12-26T09:45:36","modified_gmt":"2024-12-26T09:45:36","slug":"extractor-de-esparragos-1-2-6-12mm","status":"publish","type":"product","link":"https:\/\/toolhub.es\/en\/producto\/extractor-de-esparragos-1-2-6-12mm\/","title":{"rendered":"STUD EXTRACTOR &#8211;  1\/2&#8243; DR.  (6-12MM)"},"content":{"rendered":"","protected":false},"excerpt":{"rendered":"<p><strong>Descripci\u00f3n<\/strong><br \/>\n\u00b7 \u00datil extractor de esp\u00e1rragos de m\u00e9trica 6 a 12mm<br \/>\n\u00b7 V\u00e1lido para trabajar con pistola neum\u00e1tica.<br \/>\n\u00b7 Fabricaci\u00f3n de las mordazas de agarre por presi\u00f3n, lo que garantiza un perfecto agarre.<br \/>\n\u00b7 Agarre del esp\u00e1rrago con tan s\u00f3lo 2mm de superficie.<br \/>\n\u00b7 Sistema que permite agarrar tanto tuercas, esp\u00e1rragos, tornillos e incluso bulones o pasadores de motor<\/p>\n","protected":false},"featured_media":25838,"template":"","meta":[],"product_cat":[231],"product_tag":[],"acf":[],"aioseo_notices":[],"_links":{"self":[{"href":"https:\/\/toolhub.es\/en\/wp-json\/wp\/v2\/product\/21318"}],"collection":[{"href":"https:\/\/toolhub.es\/en\/wp-json\/wp\/v2\/product"}],"about":[{"href":"https:\/\/toolhub.es\/en\/wp-json\/wp\/v2\/types\/product"}],"wp:featuredmedia":[{"embeddable":true,"href":"https:\/\/toolhub.es\/en\/wp-json\/wp\/v2\/media\/25838"}],"wp:attachment":[{"href":"https:\/\/toolhub.es\/en\/wp-json\/wp\/v2\/media?parent=21318"}],"wp:term":[{"taxonomy":"product_cat","embeddable":true,"href":"https:\/\/toolhub.es\/en\/wp-json\/wp\/v2\/product_cat?post=21318"},{"taxonomy":"product_tag","embeddable":true,"href":"https:\/\/toolhub.es\/en\/wp-json\/wp\/v2\/product_tag?post=21318"}],"curies":[{"name":"wp","href":"https:\/\/api.w.org\/{rel}","templated":true}]}}