{"id":21335,"date":"2023-03-21T09:25:52","date_gmt":"2023-03-21T09:25:52","guid":{"rendered":"https:\/\/toolhub.es\/producto\/extractor-de-terminales-de-bateria-y-brazo-de-limpia-parabrisas\/"},"modified":"2024-12-26T09:45:55","modified_gmt":"2024-12-26T09:45:55","slug":"extractor-de-terminales-de-bateria-y-brazo-de-limpia-parabrisas","status":"publish","type":"product","link":"https:\/\/toolhub.es\/en\/producto\/extractor-de-terminales-de-bateria-y-brazo-de-limpia-parabrisas\/","title":{"rendered":"BATTERY TERMINAL &#038; WIPER ARM PULLER"},"content":{"rendered":"","protected":false},"excerpt":{"rendered":"<p><strong>Descripci\u00f3n<\/strong><br \/>\nPermite la extracci\u00f3n de brazos limpiaparabrisas, extraer terminales de bater\u00edas atascados o algunos rodamientos de alternadores de manera r\u00e1pida y f\u00e1cil.<\/p>\n<p>Apertura de 6 a 40 mm, con altura m\u00e1xima de extracci\u00f3n de 25 mm, apto para utilizar en la mayor\u00eda de autom\u00f3viles o camiones.<\/p>\n<p>Sus dos brazos y tornillo central se adaptan totalmente para un agarre \u00f3ptimo facilit\u00e1ndole al m\u00e1ximo el trabajo de extracci\u00f3n, adem\u00e1s gracias a su tuerca moleteada podr\u00e1 regular o bloquear la apertura del extractor.<\/p>\n","protected":false},"featured_media":25855,"template":"","meta":[],"product_cat":[280,277],"product_tag":[],"acf":[],"aioseo_notices":[],"_links":{"self":[{"href":"https:\/\/toolhub.es\/en\/wp-json\/wp\/v2\/product\/21335"}],"collection":[{"href":"https:\/\/toolhub.es\/en\/wp-json\/wp\/v2\/product"}],"about":[{"href":"https:\/\/toolhub.es\/en\/wp-json\/wp\/v2\/types\/product"}],"wp:featuredmedia":[{"embeddable":true,"href":"https:\/\/toolhub.es\/en\/wp-json\/wp\/v2\/media\/25855"}],"wp:attachment":[{"href":"https:\/\/toolhub.es\/en\/wp-json\/wp\/v2\/media?parent=21335"}],"wp:term":[{"taxonomy":"product_cat","embeddable":true,"href":"https:\/\/toolhub.es\/en\/wp-json\/wp\/v2\/product_cat?post=21335"},{"taxonomy":"product_tag","embeddable":true,"href":"https:\/\/toolhub.es\/en\/wp-json\/wp\/v2\/product_tag?post=21335"}],"curies":[{"name":"wp","href":"https:\/\/api.w.org\/{rel}","templated":true}]}}