{"id":21342,"date":"2023-03-21T09:25:52","date_gmt":"2023-03-21T09:25:52","guid":{"rendered":"https:\/\/toolhub.es\/producto\/reparador-de-rosca-interna-de-bujes-4-pzs\/"},"modified":"2024-12-26T09:46:06","modified_gmt":"2024-12-26T09:46:06","slug":"reparador-de-rosca-interna-de-bujes-4-pzs","status":"publish","type":"product","link":"https:\/\/toolhub.es\/en\/producto\/reparador-de-rosca-interna-de-bujes-4-pzs\/","title":{"rendered":"INTERNAL WHEEL THREAD REPAIR KIT &#8211; 4 PCS"},"content":{"rendered":"","protected":false},"excerpt":{"rendered":"<p><strong>Descripci\u00f3n<\/strong><br \/>\n\u00datil para recuperar las roscas da\u00f1adas y la eliminaci\u00f3n de mellas o rebabas.<\/p>\n<p>\u00b7 M12 x 1.25 PSA<br \/>\n\u00b7 M12 x 1.5 Mercedes Benz &#038; BMW<br \/>\n\u00b7 M12 x 1.75 Volvo<br \/>\n\u00b7 M14 x 1.5 VAG<\/p>\n","protected":false},"featured_media":25862,"template":"","meta":[],"product_cat":[276],"product_tag":[],"acf":[],"aioseo_notices":[],"_links":{"self":[{"href":"https:\/\/toolhub.es\/en\/wp-json\/wp\/v2\/product\/21342"}],"collection":[{"href":"https:\/\/toolhub.es\/en\/wp-json\/wp\/v2\/product"}],"about":[{"href":"https:\/\/toolhub.es\/en\/wp-json\/wp\/v2\/types\/product"}],"wp:featuredmedia":[{"embeddable":true,"href":"https:\/\/toolhub.es\/en\/wp-json\/wp\/v2\/media\/25862"}],"wp:attachment":[{"href":"https:\/\/toolhub.es\/en\/wp-json\/wp\/v2\/media?parent=21342"}],"wp:term":[{"taxonomy":"product_cat","embeddable":true,"href":"https:\/\/toolhub.es\/en\/wp-json\/wp\/v2\/product_cat?post=21342"},{"taxonomy":"product_tag","embeddable":true,"href":"https:\/\/toolhub.es\/en\/wp-json\/wp\/v2\/product_tag?post=21342"}],"curies":[{"name":"wp","href":"https:\/\/api.w.org\/{rel}","templated":true}]}}