{"id":21445,"date":"2023-03-21T09:27:25","date_gmt":"2023-03-21T09:27:25","guid":{"rendered":"https:\/\/toolhub.es\/producto\/bomba-12v-para-aceite\/"},"modified":"2024-12-26T09:48:16","modified_gmt":"2024-12-26T09:48:16","slug":"bomba-12v-para-aceite","status":"publish","type":"product","link":"https:\/\/toolhub.es\/en\/producto\/bomba-12v-para-aceite\/","title":{"rendered":"12V OIL  TRANSFER PUMP"},"content":{"rendered":"","protected":false},"excerpt":{"rendered":"<p>\u00b7 Compacto, ligero y f\u00e1cil de usar<br \/>\n\u00b7 Elimina e?cientemente hasta 3 cuartos por minuto<br \/>\n\u00b7 Quite el aceite de autom\u00f3viles, marinos, motocicletas, veh\u00edculos recreativos y m\u00e1s.<br \/>\n\u00b7 Bomba de CC autocebante de 12 voltios y 5 amperios<\/p>\n","protected":false},"featured_media":25962,"template":"","meta":[],"product_cat":[283],"product_tag":[],"acf":[],"aioseo_notices":[],"_links":{"self":[{"href":"https:\/\/toolhub.es\/en\/wp-json\/wp\/v2\/product\/21445"}],"collection":[{"href":"https:\/\/toolhub.es\/en\/wp-json\/wp\/v2\/product"}],"about":[{"href":"https:\/\/toolhub.es\/en\/wp-json\/wp\/v2\/types\/product"}],"wp:featuredmedia":[{"embeddable":true,"href":"https:\/\/toolhub.es\/en\/wp-json\/wp\/v2\/media\/25962"}],"wp:attachment":[{"href":"https:\/\/toolhub.es\/en\/wp-json\/wp\/v2\/media?parent=21445"}],"wp:term":[{"taxonomy":"product_cat","embeddable":true,"href":"https:\/\/toolhub.es\/en\/wp-json\/wp\/v2\/product_cat?post=21445"},{"taxonomy":"product_tag","embeddable":true,"href":"https:\/\/toolhub.es\/en\/wp-json\/wp\/v2\/product_tag?post=21445"}],"curies":[{"name":"wp","href":"https:\/\/api.w.org\/{rel}","templated":true}]}}