{"id":21462,"date":"2023-03-21T09:27:55","date_gmt":"2023-03-21T09:27:55","guid":{"rendered":"https:\/\/toolhub.es\/producto\/bomba-neumatica-manual-de-sangrado-8-lts\/"},"modified":"2024-12-26T09:48:36","modified_gmt":"2024-12-26T09:48:36","slug":"bomba-neumatica-manual-de-sangrado-8-lts","status":"publish","type":"product","link":"https:\/\/toolhub.es\/en\/producto\/bomba-neumatica-manual-de-sangrado-8-lts\/","title":{"rendered":"MANUAL 7 AIR FLUID EXTRACTOR"},"content":{"rendered":"","protected":false},"excerpt":{"rendered":"<p>\u0095 Dise\u00f1ado para la extracci\u00f3n de aceites de veh\u00edculos, motos, embarcaciones, reductores, etc.<br \/>\n\u0095 No necesita retirar el tap\u00f3n de drenaje del aceite.<br \/>\n\u0095 Se maneja f\u00e1cilmente mediante bomba manual o el suministro de aire comprimido.<br \/>\n\u0095 Tanque de aceite fabricado en pl\u00e1stico transparente y resistente a hidrocarburos.<br \/>\n\u0095 Suministrado con 1.5 m de tubo de succi\u00f3n.<br \/>\n\u0095 2 sondas de succi\u00f3n (10x400mm &#038; 6x750mm).<\/p>\n[supsystic-tables id=298]\n","protected":false},"featured_media":25979,"template":"","meta":[],"product_cat":[283],"product_tag":[],"acf":[],"aioseo_notices":[],"_links":{"self":[{"href":"https:\/\/toolhub.es\/en\/wp-json\/wp\/v2\/product\/21462"}],"collection":[{"href":"https:\/\/toolhub.es\/en\/wp-json\/wp\/v2\/product"}],"about":[{"href":"https:\/\/toolhub.es\/en\/wp-json\/wp\/v2\/types\/product"}],"wp:featuredmedia":[{"embeddable":true,"href":"https:\/\/toolhub.es\/en\/wp-json\/wp\/v2\/media\/25979"}],"wp:attachment":[{"href":"https:\/\/toolhub.es\/en\/wp-json\/wp\/v2\/media?parent=21462"}],"wp:term":[{"taxonomy":"product_cat","embeddable":true,"href":"https:\/\/toolhub.es\/en\/wp-json\/wp\/v2\/product_cat?post=21462"},{"taxonomy":"product_tag","embeddable":true,"href":"https:\/\/toolhub.es\/en\/wp-json\/wp\/v2\/product_tag?post=21462"}],"curies":[{"name":"wp","href":"https:\/\/api.w.org\/{rel}","templated":true}]}}